{"id":8505,"date":"2023-07-13T17:09:45","date_gmt":"2023-07-13T17:09:45","guid":{"rendered":"https:\/\/jjscanada.ca\/?post_type=product&#038;p=8505"},"modified":"2023-07-13T17:56:13","modified_gmt":"2023-07-13T17:56:13","slug":"ekasand-e-series-electric-orbital","status":"publish","type":"product","link":"https:\/\/jjscanada.ca\/fr\/produit\/ekasand-e-series-electric-orbital\/","title":{"rendered":"EKASAND S\u00e9rie E - orbitale \u00e9lectrique"},"content":{"rendered":"<p>Les nouvelles ponceuses orbitales \u00e9lectriques al\u00e9atoires EKASAND S\u00e9rie E d'UNEEDA sont<br \/>\nergonomiques pour offrir \u00e0 leurs utilisateurs plus d'\u00e9quilibre, de confort et de contr\u00f4le, tout en assurant une performance constante pour une finition parfaitement lisse.<\/p>\n<p>ORBITALE \u00c9LECTRIQUE 5<br \/>\n<strong>Produit # P-100690<\/strong><br \/>\n- Pas de vide<br \/>\n- 5\u2033Hook Face for Uneevel 3\/16 Orbit<\/p>","protected":false},"excerpt":{"rendered":"<p>Les nouvelles ponceuses orbitales \u00e9lectriques al\u00e9atoires EKASAND E-Series d'UNEEDA sont con\u00e7ues de mani\u00e8re ergonomique pour offrir \u00e0 leurs utilisateurs plus d'\u00e9quilibre, de confort et de contr\u00f4le tout en fournissant une performance constante pour une finition parfaitement lisse. 5 \"ELECTRIC ORBITAL Product # P-100690 - No Vacuum - 5\u2033Hook Face for Uneevel 3\/16 Orbit<\/p>","protected":false},"featured_media":8514,"template":"","meta":{"site-sidebar-layout":"default","site-content-layout":"default","ast-site-content-layout":"default","site-content-style":"default","site-sidebar-style":"default","ast-global-header-display":"","ast-banner-title-visibility":"","ast-main-header-display":"","ast-hfb-above-header-display":"","ast-hfb-below-header-display":"","ast-hfb-mobile-header-display":"","site-post-title":"","ast-breadcrumbs-content":"","ast-featured-img":"","footer-sml-layout":"","ast-disable-related-posts":"","theme-transparent-header-meta":"default","adv-header-id-meta":"","stick-header-meta":"","header-above-stick-meta":"","header-main-stick-meta":"","header-below-stick-meta":"","astra-migrate-meta-layouts":"default","ast-page-background-enabled":"default","ast-page-background-meta":{"desktop":{"background-color":"","background-image":"","background-repeat":"repeat","background-position":"center center","background-size":"auto","background-attachment":"scroll","background-type":"","background-media":"","overlay-type":"","overlay-color":"","overlay-opacity":"","overlay-gradient":""},"tablet":{"background-color":"","background-image":"","background-repeat":"repeat","background-position":"center center","background-size":"auto","background-attachment":"scroll","background-type":"","background-media":"","overlay-type":"","overlay-color":"","overlay-opacity":"","overlay-gradient":""},"mobile":{"background-color":"","background-image":"","background-repeat":"repeat","background-position":"center center","background-size":"auto","background-attachment":"scroll","background-type":"","background-media":"","overlay-type":"","overlay-color":"","overlay-opacity":"","overlay-gradient":""}},"ast-content-background-meta":{"desktop":{"background-color":"var(--ast-global-color-5)","background-image":"","background-repeat":"repeat","background-position":"center center","background-size":"auto","background-attachment":"scroll","background-type":"","background-media":"","overlay-type":"","overlay-color":"","overlay-opacity":"","overlay-gradient":""},"tablet":{"background-color":"var(--ast-global-color-5)","background-image":"","background-repeat":"repeat","background-position":"center center","background-size":"auto","background-attachment":"scroll","background-type":"","background-media":"","overlay-type":"","overlay-color":"","overlay-opacity":"","overlay-gradient":""},"mobile":{"background-color":"var(--ast-global-color-5)","background-image":"","background-repeat":"repeat","background-position":"center center","background-size":"auto","background-attachment":"scroll","background-type":"","background-media":"","overlay-type":"","overlay-color":"","overlay-opacity":"","overlay-gradient":""}}},"product_brand":[],"product_cat":[110,154,105,306,57],"product_tag":[],"class_list":{"0":"post-8505","1":"product","2":"type-product","3":"status-publish","4":"has-post-thumbnail","6":"product_cat-metal","7":"product_cat-specialities-accessories","8":"product_cat-application-tools","9":"product_cat-uneeda","10":"product_cat-woodworking","11":"desktop-align-center","12":"tablet-align-center","13":"mobile-align-center","15":"first","16":"instock","17":"shipping-taxable","18":"product-type-simple"},"_links":{"self":[{"href":"https:\/\/jjscanada.ca\/fr\/wp-json\/wp\/v2\/product\/8505","targetHints":{"allow":["GET"]}}],"collection":[{"href":"https:\/\/jjscanada.ca\/fr\/wp-json\/wp\/v2\/product"}],"about":[{"href":"https:\/\/jjscanada.ca\/fr\/wp-json\/wp\/v2\/types\/product"}],"wp:featuredmedia":[{"embeddable":true,"href":"https:\/\/jjscanada.ca\/fr\/wp-json\/wp\/v2\/media\/8514"}],"wp:attachment":[{"href":"https:\/\/jjscanada.ca\/fr\/wp-json\/wp\/v2\/media?parent=8505"}],"wp:term":[{"taxonomy":"product_brand","embeddable":true,"href":"https:\/\/jjscanada.ca\/fr\/wp-json\/wp\/v2\/product_brand?post=8505"},{"taxonomy":"product_cat","embeddable":true,"href":"https:\/\/jjscanada.ca\/fr\/wp-json\/wp\/v2\/product_cat?post=8505"},{"taxonomy":"product_tag","embeddable":true,"href":"https:\/\/jjscanada.ca\/fr\/wp-json\/wp\/v2\/product_tag?post=8505"}],"curies":[{"name":"wp","href":"https:\/\/api.w.org\/{rel}","templated":true}]}}