{"id":8518,"date":"2023-07-13T17:45:47","date_gmt":"2023-07-13T17:45:47","guid":{"rendered":"https:\/\/jjscanada.ca\/?post_type=product&#038;p=8518"},"modified":"2024-01-30T18:48:36","modified_gmt":"2024-01-30T18:48:36","slug":"ekasand-vacuum-series-2-dust-extractor","status":"publish","type":"product","link":"https:\/\/jjscanada.ca\/fr\/produit\/ekasand-vacuum-series-2-dust-extractor\/","title":{"rendered":"Aspirateur EKASAND S\u00e9rie 2"},"content":{"rendered":"<p>Produit # P-106001<\/p>\n<p>Livr\u00e9 avec :<br \/>\n- Tuyau d'air int\u00e9gr\u00e9<br \/>\n- Ensemble complet : aspirateur et \u00e9tabli<\/p>\n<p>PUISSANCE. CONVENIENCE. VERSATILIT\u00c9.<br \/>\nUn environnement plus propre ne signifie pas seulement un environnement plus sain, mais aussi un environnement plus productif. Optimisez vos op\u00e9rations de pon\u00e7age avec la nouvelle g\u00e9n\u00e9ration de syst\u00e8me d'extraction de poussi\u00e8re EKASAND Series 2 d'UNEEDA. Connectez votre ponceuse \u00e9lectrique ou pneumatique, ou m\u00eame les deux en m\u00eame temps, et commencez \u00e0 extraire la poussi\u00e8re automatiquement lorsque l'outil est d\u00e9clench\u00e9. Son syst\u00e8me de rack unique vous permet d'organiser vos ponceuses, abrasifs et autres outils \u00e9lectriques et d'y acc\u00e9der en un rien de temps. Gr\u00e2ce \u00e0 sa grande puissance d'aspiration et \u00e0 son r\u00e9servoir d'une capacit\u00e9 de 10 gallons, la s\u00e9rie 2 vous permet de brancher une large gamme d'outils et d'extraire les particules de poussi\u00e8re les plus fines sur le lieu de travail.<\/p>","protected":false},"excerpt":{"rendered":"<p>Product # P-106001 Comes with: &#8211; Integrated air hose &#8211; Complete set: vacuum &amp; Workbench POWER. CONVENIENCE. VERSATILITY. A cleaner environment not only means a healthier environment but also a more productive one. Optimize your sanding operation with UNEEDA\u2019s new generation EKASAND Series 2 dust extraction system. Connect your electric or pneumatic sander, or even [&hellip;]<\/p>\n","protected":false},"featured_media":8456,"template":"","meta":{"site-sidebar-layout":"default","site-content-layout":"default","ast-site-content-layout":"default","site-content-style":"default","site-sidebar-style":"default","ast-global-header-display":"","ast-banner-title-visibility":"","ast-main-header-display":"","ast-hfb-above-header-display":"","ast-hfb-below-header-display":"","ast-hfb-mobile-header-display":"","site-post-title":"","ast-breadcrumbs-content":"","ast-featured-img":"","footer-sml-layout":"","ast-disable-related-posts":"","theme-transparent-header-meta":"default","adv-header-id-meta":"","stick-header-meta":"","header-above-stick-meta":"","header-main-stick-meta":"","header-below-stick-meta":"","astra-migrate-meta-layouts":"set","ast-page-background-enabled":"default","ast-page-background-meta":{"desktop":{"background-color":"","background-image":"","background-repeat":"repeat","background-position":"center center","background-size":"auto","background-attachment":"scroll","background-type":"","background-media":"","overlay-type":"","overlay-color":"","overlay-opacity":"","overlay-gradient":""},"tablet":{"background-color":"","background-image":"","background-repeat":"repeat","background-position":"center center","background-size":"auto","background-attachment":"scroll","background-type":"","background-media":"","overlay-type":"","overlay-color":"","overlay-opacity":"","overlay-gradient":""},"mobile":{"background-color":"","background-image":"","background-repeat":"repeat","background-position":"center center","background-size":"auto","background-attachment":"scroll","background-type":"","background-media":"","overlay-type":"","overlay-color":"","overlay-opacity":"","overlay-gradient":""}},"ast-content-background-meta":{"desktop":{"background-color":"var(--ast-global-color-5)","background-image":"","background-repeat":"repeat","background-position":"center center","background-size":"auto","background-attachment":"scroll","background-type":"","background-media":"","overlay-type":"","overlay-color":"","overlay-opacity":"","overlay-gradient":""},"tablet":{"background-color":"var(--ast-global-color-5)","background-image":"","background-repeat":"repeat","background-position":"center center","background-size":"auto","background-attachment":"scroll","background-type":"","background-media":"","overlay-type":"","overlay-color":"","overlay-opacity":"","overlay-gradient":""},"mobile":{"background-color":"var(--ast-global-color-5)","background-image":"","background-repeat":"repeat","background-position":"center center","background-size":"auto","background-attachment":"scroll","background-type":"","background-media":"","overlay-type":"","overlay-color":"","overlay-opacity":"","overlay-gradient":""}}},"product_brand":[],"product_cat":[110,154,105,306,57],"product_tag":[],"class_list":{"0":"post-8518","1":"product","2":"type-product","3":"status-publish","4":"has-post-thumbnail","6":"product_cat-metal","7":"product_cat-specialities-accessories","8":"product_cat-application-tools","9":"product_cat-uneeda","10":"product_cat-woodworking","11":"desktop-align-center","12":"tablet-align-center","13":"mobile-align-center","15":"first","16":"instock","17":"shipping-taxable","18":"product-type-simple"},"_links":{"self":[{"href":"https:\/\/jjscanada.ca\/fr\/wp-json\/wp\/v2\/product\/8518","targetHints":{"allow":["GET"]}}],"collection":[{"href":"https:\/\/jjscanada.ca\/fr\/wp-json\/wp\/v2\/product"}],"about":[{"href":"https:\/\/jjscanada.ca\/fr\/wp-json\/wp\/v2\/types\/product"}],"wp:featuredmedia":[{"embeddable":true,"href":"https:\/\/jjscanada.ca\/fr\/wp-json\/wp\/v2\/media\/8456"}],"wp:attachment":[{"href":"https:\/\/jjscanada.ca\/fr\/wp-json\/wp\/v2\/media?parent=8518"}],"wp:term":[{"taxonomy":"product_brand","embeddable":true,"href":"https:\/\/jjscanada.ca\/fr\/wp-json\/wp\/v2\/product_brand?post=8518"},{"taxonomy":"product_cat","embeddable":true,"href":"https:\/\/jjscanada.ca\/fr\/wp-json\/wp\/v2\/product_cat?post=8518"},{"taxonomy":"product_tag","embeddable":true,"href":"https:\/\/jjscanada.ca\/fr\/wp-json\/wp\/v2\/product_tag?post=8518"}],"curies":[{"name":"wp","href":"https:\/\/api.w.org\/{rel}","templated":true}]}}