{"id":852,"date":"2022-11-18T19:48:00","date_gmt":"2022-11-18T19:48:00","guid":{"rendered":"https:\/\/jjscanada.ca\/?post_type=product&#038;p=852"},"modified":"2023-02-07T04:05:00","modified_gmt":"2023-02-07T04:05:00","slug":"series-7900-2","status":"publish","type":"product","link":"https:\/\/jjscanada.ca\/fr\/produit\/series-7900-2\/","title":{"rendered":"S\u00e9rie 7900"},"content":{"rendered":"<p><strong>Le puissant abrasif \u00e0 filet<br \/>\n<\/strong>La structure sp\u00e9ciale du filet du 7900 sianet permet un pon\u00e7age sans poussi\u00e8re avec les meilleures performances abrasives.<\/p>\n<p><strong>Avantages<\/strong><br \/>\n- Extraction de la poussi\u00e8re sur toute la surface<br \/>\n- Taux d'\u00e9limination \u00e9lev\u00e9 sans colmatage<br \/>\n- Tr\u00e8s efficace et productif<br \/>\n- Haute r\u00e9sistance \u00e0 la d\u00e9chirure, gr\u00e2ce \u00e0 un support de filet robuste.<\/p>\n<p><strong>Applications<\/strong><br \/>\n- Pon\u00e7age des rev\u00eatements et des impuret\u00e9s<br \/>\n- Clavetage des peintures, des laques, des mastics de carrosserie, des mastics d'appr\u00eat et des plastiques<br \/>\n- Amorces de clavetage<br \/>\n- Pon\u00e7age fin des surfaces et des ar\u00eates<br \/>\n- Pon\u00e7age interm\u00e9diaire des laques<br \/>\n- Pr\u00e9paration au polissage des surfaces brillantes<br \/>\n- Pon\u00e7age fin du bois massif, des placages, des mat\u00e9riaux \u00e0 surface solide,<br \/>\n- appr\u00eater les feuilles, le pl\u00e2tre et les plaques de pl\u00e2tre<\/p>\n<p><a class=\"fasc-button fasc-size-medium fasc-type-flat fasc-ico-before dashicons-download\" style=\"background-color: #d10708; color: #ffffff;\" target=\"_blank\" rel=\"noopener\" href=\"https:\/\/jjscanada.ca\/wp-content\/uploads\/2023\/01\/7900_sianet_40-to-400_fast_2018_08_27_CAN.pdf\">T\u00c9L\u00c9CHARGER FICHE TECHNIQUE<\/a><\/p>","protected":false},"excerpt":{"rendered":"<p><strong>Le puissant abrasif \u00e0 filet<\/strong><br \/>\nLa structure sp\u00e9ciale du filet du 7900 sianet permet un pon\u00e7age sans poussi\u00e8re avec les meilleures performances abrasives.<\/p>","protected":false},"featured_media":7434,"template":"","meta":{"site-sidebar-layout":"default","site-content-layout":"default","ast-site-content-layout":"default","site-content-style":"default","site-sidebar-style":"default","ast-global-header-display":"","ast-banner-title-visibility":"","ast-main-header-display":"","ast-hfb-above-header-display":"","ast-hfb-below-header-display":"","ast-hfb-mobile-header-display":"","site-post-title":"","ast-breadcrumbs-content":"","ast-featured-img":"","footer-sml-layout":"","ast-disable-related-posts":"","theme-transparent-header-meta":"default","adv-header-id-meta":"","stick-header-meta":"default","header-above-stick-meta":"","header-main-stick-meta":"","header-below-stick-meta":"","astra-migrate-meta-layouts":"default","ast-page-background-enabled":"default","ast-page-background-meta":{"desktop":{"background-color":"","background-image":"","background-repeat":"repeat","background-position":"center center","background-size":"auto","background-attachment":"scroll","background-type":"","background-media":"","overlay-type":"","overlay-color":"","overlay-opacity":"","overlay-gradient":""},"tablet":{"background-color":"","background-image":"","background-repeat":"repeat","background-position":"center center","background-size":"auto","background-attachment":"scroll","background-type":"","background-media":"","overlay-type":"","overlay-color":"","overlay-opacity":"","overlay-gradient":""},"mobile":{"background-color":"","background-image":"","background-repeat":"repeat","background-position":"center center","background-size":"auto","background-attachment":"scroll","background-type":"","background-media":"","overlay-type":"","overlay-color":"","overlay-opacity":"","overlay-gradient":""}},"ast-content-background-meta":{"desktop":{"background-color":"var(--ast-global-color-5)","background-image":"","background-repeat":"repeat","background-position":"center center","background-size":"auto","background-attachment":"scroll","background-type":"","background-media":"","overlay-type":"","overlay-color":"","overlay-opacity":"","overlay-gradient":""},"tablet":{"background-color":"var(--ast-global-color-5)","background-image":"","background-repeat":"repeat","background-position":"center center","background-size":"auto","background-attachment":"scroll","background-type":"","background-media":"","overlay-type":"","overlay-color":"","overlay-opacity":"","overlay-gradient":""},"mobile":{"background-color":"var(--ast-global-color-5)","background-image":"","background-repeat":"repeat","background-position":"center center","background-size":"auto","background-attachment":"scroll","background-type":"","background-media":"","overlay-type":"","overlay-color":"","overlay-opacity":"","overlay-gradient":""}}},"product_brand":[],"product_cat":[102,81,53,57],"product_tag":[],"class_list":{"0":"post-852","1":"product","2":"type-product","3":"status-publish","4":"has-post-thumbnail","6":"product_cat-application-abrasives","7":"product_cat-rolls","8":"product_cat-brand-sia-abrasives","9":"product_cat-woodworking","10":"desktop-align-center","11":"tablet-align-center","12":"mobile-align-center","14":"first","15":"instock","16":"shipping-taxable","17":"product-type-simple"},"_links":{"self":[{"href":"https:\/\/jjscanada.ca\/fr\/wp-json\/wp\/v2\/product\/852","targetHints":{"allow":["GET"]}}],"collection":[{"href":"https:\/\/jjscanada.ca\/fr\/wp-json\/wp\/v2\/product"}],"about":[{"href":"https:\/\/jjscanada.ca\/fr\/wp-json\/wp\/v2\/types\/product"}],"wp:featuredmedia":[{"embeddable":true,"href":"https:\/\/jjscanada.ca\/fr\/wp-json\/wp\/v2\/media\/7434"}],"wp:attachment":[{"href":"https:\/\/jjscanada.ca\/fr\/wp-json\/wp\/v2\/media?parent=852"}],"wp:term":[{"taxonomy":"product_brand","embeddable":true,"href":"https:\/\/jjscanada.ca\/fr\/wp-json\/wp\/v2\/product_brand?post=852"},{"taxonomy":"product_cat","embeddable":true,"href":"https:\/\/jjscanada.ca\/fr\/wp-json\/wp\/v2\/product_cat?post=852"},{"taxonomy":"product_tag","embeddable":true,"href":"https:\/\/jjscanada.ca\/fr\/wp-json\/wp\/v2\/product_tag?post=852"}],"curies":[{"name":"wp","href":"https:\/\/api.w.org\/{rel}","templated":true}]}}