{"id":853,"date":"2022-11-18T19:48:00","date_gmt":"2022-11-18T19:48:00","guid":{"rendered":"https:\/\/jjscanada.ca\/?post_type=product&#038;p=853"},"modified":"2023-02-07T04:10:49","modified_gmt":"2023-02-07T04:10:49","slug":"series-6120-rolls","status":"publish","type":"product","link":"https:\/\/jjscanada.ca\/fr\/produit\/series-6120-rolls\/","title":{"rendered":"S\u00e9rie 6120"},"content":{"rendered":"<p><strong>Pour des finitions de surface r\u00e9guli\u00e8res lors du pon\u00e7age manuel et \u00e0 la machine portative<\/strong><br \/>\n6120 siafleece peut \u00eatre utilis\u00e9 pour le pon\u00e7age \u00e0 sec et \u00e0 l'eau et impressionne par sa grande conformabilit\u00e9, ses performances constantes pendant toute sa dur\u00e9e de vie, sa faible tendance au colmatage et sa qualit\u00e9 de surface \u00e9lev\u00e9e et constante.<\/p>\n<p><strong>Avantages<\/strong><br \/>\n- Hautement flexible et adaptable aux contours<br \/>\n- Pour le pon\u00e7age manuel ou \u00e0 la machine portative<br \/>\n- Faible colmatage<br \/>\n- Convient pour une utilisation g\u00e9n\u00e9rale dans les applications de pon\u00e7age \u00e0 sec et \u00e0 l'eau.<\/p>\n<p><strong>Applications<\/strong><br \/>\n- Enlever la rouille<br \/>\n- \u00c9liminer les d\u00e9colorations<br \/>\n- Structuration\/finition<\/p>","protected":false},"excerpt":{"rendered":"<p><strong>Pour des finitions de surface r\u00e9guli\u00e8res lors du pon\u00e7age manuel et \u00e0 la machine portative<\/strong><br \/>\n6120 siafleece peut \u00eatre utilis\u00e9 pour le pon\u00e7age \u00e0 sec et \u00e0 l'eau et impressionne par sa grande conformabilit\u00e9, ses performances constantes pendant toute sa dur\u00e9e de vie, sa faible tendance au colmatage et sa qualit\u00e9 de surface \u00e9lev\u00e9e et constante.<\/p>","protected":false},"featured_media":7436,"template":"","meta":{"site-sidebar-layout":"default","site-content-layout":"default","ast-site-content-layout":"default","site-content-style":"default","site-sidebar-style":"default","ast-global-header-display":"","ast-banner-title-visibility":"","ast-main-header-display":"","ast-hfb-above-header-display":"","ast-hfb-below-header-display":"","ast-hfb-mobile-header-display":"","site-post-title":"","ast-breadcrumbs-content":"","ast-featured-img":"","footer-sml-layout":"","ast-disable-related-posts":"","theme-transparent-header-meta":"default","adv-header-id-meta":"","stick-header-meta":"default","header-above-stick-meta":"","header-main-stick-meta":"","header-below-stick-meta":"","astra-migrate-meta-layouts":"default","ast-page-background-enabled":"default","ast-page-background-meta":{"desktop":{"background-color":"","background-image":"","background-repeat":"repeat","background-position":"center center","background-size":"auto","background-attachment":"scroll","background-type":"","background-media":"","overlay-type":"","overlay-color":"","overlay-opacity":"","overlay-gradient":""},"tablet":{"background-color":"","background-image":"","background-repeat":"repeat","background-position":"center center","background-size":"auto","background-attachment":"scroll","background-type":"","background-media":"","overlay-type":"","overlay-color":"","overlay-opacity":"","overlay-gradient":""},"mobile":{"background-color":"","background-image":"","background-repeat":"repeat","background-position":"center center","background-size":"auto","background-attachment":"scroll","background-type":"","background-media":"","overlay-type":"","overlay-color":"","overlay-opacity":"","overlay-gradient":""}},"ast-content-background-meta":{"desktop":{"background-color":"var(--ast-global-color-5)","background-image":"","background-repeat":"repeat","background-position":"center center","background-size":"auto","background-attachment":"scroll","background-type":"","background-media":"","overlay-type":"","overlay-color":"","overlay-opacity":"","overlay-gradient":""},"tablet":{"background-color":"var(--ast-global-color-5)","background-image":"","background-repeat":"repeat","background-position":"center center","background-size":"auto","background-attachment":"scroll","background-type":"","background-media":"","overlay-type":"","overlay-color":"","overlay-opacity":"","overlay-gradient":""},"mobile":{"background-color":"var(--ast-global-color-5)","background-image":"","background-repeat":"repeat","background-position":"center center","background-size":"auto","background-attachment":"scroll","background-type":"","background-media":"","overlay-type":"","overlay-color":"","overlay-opacity":"","overlay-gradient":""}}},"product_brand":[],"product_cat":[102,110,81,53],"product_tag":[],"class_list":{"0":"post-853","1":"product","2":"type-product","3":"status-publish","4":"has-post-thumbnail","6":"product_cat-application-abrasives","7":"product_cat-metal","8":"product_cat-rolls","9":"product_cat-brand-sia-abrasives","10":"desktop-align-center","11":"tablet-align-center","12":"mobile-align-center","14":"first","15":"instock","16":"shipping-taxable","17":"product-type-simple"},"_links":{"self":[{"href":"https:\/\/jjscanada.ca\/fr\/wp-json\/wp\/v2\/product\/853","targetHints":{"allow":["GET"]}}],"collection":[{"href":"https:\/\/jjscanada.ca\/fr\/wp-json\/wp\/v2\/product"}],"about":[{"href":"https:\/\/jjscanada.ca\/fr\/wp-json\/wp\/v2\/types\/product"}],"wp:featuredmedia":[{"embeddable":true,"href":"https:\/\/jjscanada.ca\/fr\/wp-json\/wp\/v2\/media\/7436"}],"wp:attachment":[{"href":"https:\/\/jjscanada.ca\/fr\/wp-json\/wp\/v2\/media?parent=853"}],"wp:term":[{"taxonomy":"product_brand","embeddable":true,"href":"https:\/\/jjscanada.ca\/fr\/wp-json\/wp\/v2\/product_brand?post=853"},{"taxonomy":"product_cat","embeddable":true,"href":"https:\/\/jjscanada.ca\/fr\/wp-json\/wp\/v2\/product_cat?post=853"},{"taxonomy":"product_tag","embeddable":true,"href":"https:\/\/jjscanada.ca\/fr\/wp-json\/wp\/v2\/product_tag?post=853"}],"curies":[{"name":"wp","href":"https:\/\/api.w.org\/{rel}","templated":true}]}}