{"id":855,"date":"2022-11-18T19:48:00","date_gmt":"2022-11-18T19:48:00","guid":{"rendered":"https:\/\/jjscanada.ca\/?post_type=product&#038;p=855"},"modified":"2023-02-07T04:30:29","modified_gmt":"2023-02-07T04:30:29","slug":"series-1948-2","status":"publish","type":"product","link":"https:\/\/jjscanada.ca\/fr\/produit\/series-1948-2\/","title":{"rendered":"S\u00e9rie 1948"},"content":{"rendered":"<p><strong>Flexible et polyvalent<\/strong><br \/>\nEn tant que s\u00e9rie polyvalente rentable pour le pon\u00e7age \u00e0 sec et \u00e0 l'eau, 1948 siaflex donne des r\u00e9sultats exceptionnels dans tous les grains disponibles et dans une vari\u00e9t\u00e9 d'applications automobiles.<\/p>\n<p><strong>Avantages<\/strong><br \/>\n- Enl\u00e8vement de mati\u00e8re important avec une bonne finition<br \/>\n- Hautement flexible et adaptable aux contours<br \/>\n- Colmatage minimal gr\u00e2ce \u00e0 un rev\u00eatement ouvert dans la gamme de grains 220 - 600<br \/>\n- Longue dur\u00e9e de vie<br \/>\n- Convient pour une utilisation g\u00e9n\u00e9rale dans les applications de pon\u00e7age \u00e0 sec et \u00e0 l'eau.<br \/>\n- Un produit polyvalent avec une gamme d'options attrayantes<\/p>\n<p><strong>Applications<\/strong><br \/>\n- Pon\u00e7age des rev\u00eatements et des impuret\u00e9s<br \/>\n- Poncer les irr\u00e9gularit\u00e9s sur les bords des surfaces r\u00e9par\u00e9es.<br \/>\n- Mise \u00e0 plat de l'enduit de carrosserie et de l'enduit d'appr\u00eat<br \/>\n- Pon\u00e7age fin du mastic d'appr\u00eat<br \/>\n- Clavetage des anciennes et nouvelles laques<br \/>\n- Suppression de l'effet peau d'orange et des inclusions de poussi\u00e8re<\/p>\n<p><a class=\"fasc-button fasc-size-medium fasc-type-flat fasc-ico-before dashicons-download\" style=\"background-color: #d10708; color: #ffffff;\" target=\"_blank\" rel=\"noopener\" href=\"https:\/\/jjscanada.ca\/wp-content\/uploads\/2023\/01\/1948_siaflex_40-to-1500_fast_2019_01_22_CAN.pdf\">T\u00c9L\u00c9CHARGER FICHE TECHNIQUE<\/a><\/p>","protected":false},"excerpt":{"rendered":"<p><strong>Flexible et polyvalent<\/strong><br \/>\nEn tant que s\u00e9rie polyvalente rentable pour le pon\u00e7age \u00e0 sec et \u00e0 l'eau, 1948 siaflex donne des r\u00e9sultats exceptionnels dans tous les grains disponibles et dans une vari\u00e9t\u00e9 d'applications automobiles.<\/p>","protected":false},"featured_media":7397,"template":"","meta":{"site-sidebar-layout":"default","site-content-layout":"default","ast-site-content-layout":"default","site-content-style":"default","site-sidebar-style":"default","ast-global-header-display":"","ast-banner-title-visibility":"","ast-main-header-display":"","ast-hfb-above-header-display":"","ast-hfb-below-header-display":"","ast-hfb-mobile-header-display":"","site-post-title":"","ast-breadcrumbs-content":"","ast-featured-img":"","footer-sml-layout":"","ast-disable-related-posts":"","theme-transparent-header-meta":"default","adv-header-id-meta":"","stick-header-meta":"default","header-above-stick-meta":"","header-main-stick-meta":"","header-below-stick-meta":"","astra-migrate-meta-layouts":"default","ast-page-background-enabled":"default","ast-page-background-meta":{"desktop":{"background-color":"","background-image":"","background-repeat":"repeat","background-position":"center center","background-size":"auto","background-attachment":"scroll","background-type":"","background-media":"","overlay-type":"","overlay-color":"","overlay-opacity":"","overlay-gradient":""},"tablet":{"background-color":"","background-image":"","background-repeat":"repeat","background-position":"center center","background-size":"auto","background-attachment":"scroll","background-type":"","background-media":"","overlay-type":"","overlay-color":"","overlay-opacity":"","overlay-gradient":""},"mobile":{"background-color":"","background-image":"","background-repeat":"repeat","background-position":"center center","background-size":"auto","background-attachment":"scroll","background-type":"","background-media":"","overlay-type":"","overlay-color":"","overlay-opacity":"","overlay-gradient":""}},"ast-content-background-meta":{"desktop":{"background-color":"var(--ast-global-color-5)","background-image":"","background-repeat":"repeat","background-position":"center center","background-size":"auto","background-attachment":"scroll","background-type":"","background-media":"","overlay-type":"","overlay-color":"","overlay-opacity":"","overlay-gradient":""},"tablet":{"background-color":"var(--ast-global-color-5)","background-image":"","background-repeat":"repeat","background-position":"center center","background-size":"auto","background-attachment":"scroll","background-type":"","background-media":"","overlay-type":"","overlay-color":"","overlay-opacity":"","overlay-gradient":""},"mobile":{"background-color":"var(--ast-global-color-5)","background-image":"","background-repeat":"repeat","background-position":"center center","background-size":"auto","background-attachment":"scroll","background-type":"","background-media":"","overlay-type":"","overlay-color":"","overlay-opacity":"","overlay-gradient":""}}},"product_brand":[],"product_cat":[102,66,53,57],"product_tag":[],"class_list":{"0":"post-855","1":"product","2":"type-product","3":"status-publish","4":"has-post-thumbnail","6":"product_cat-application-abrasives","7":"product_cat-sheets-strips","8":"product_cat-brand-sia-abrasives","9":"product_cat-woodworking","10":"desktop-align-center","11":"tablet-align-center","12":"mobile-align-center","14":"first","15":"instock","16":"shipping-taxable","17":"product-type-simple"},"_links":{"self":[{"href":"https:\/\/jjscanada.ca\/fr\/wp-json\/wp\/v2\/product\/855","targetHints":{"allow":["GET"]}}],"collection":[{"href":"https:\/\/jjscanada.ca\/fr\/wp-json\/wp\/v2\/product"}],"about":[{"href":"https:\/\/jjscanada.ca\/fr\/wp-json\/wp\/v2\/types\/product"}],"wp:featuredmedia":[{"embeddable":true,"href":"https:\/\/jjscanada.ca\/fr\/wp-json\/wp\/v2\/media\/7397"}],"wp:attachment":[{"href":"https:\/\/jjscanada.ca\/fr\/wp-json\/wp\/v2\/media?parent=855"}],"wp:term":[{"taxonomy":"product_brand","embeddable":true,"href":"https:\/\/jjscanada.ca\/fr\/wp-json\/wp\/v2\/product_brand?post=855"},{"taxonomy":"product_cat","embeddable":true,"href":"https:\/\/jjscanada.ca\/fr\/wp-json\/wp\/v2\/product_cat?post=855"},{"taxonomy":"product_tag","embeddable":true,"href":"https:\/\/jjscanada.ca\/fr\/wp-json\/wp\/v2\/product_tag?post=855"}],"curies":[{"name":"wp","href":"https:\/\/api.w.org\/{rel}","templated":true}]}}