{"id":856,"date":"2022-11-18T19:48:00","date_gmt":"2022-11-18T19:48:00","guid":{"rendered":"https:\/\/jjscanada.ca\/?post_type=product&#038;p=856"},"modified":"2023-02-07T04:34:25","modified_gmt":"2023-02-07T04:34:25","slug":"series-1950-sheets","status":"publish","type":"product","link":"https:\/\/jjscanada.ca\/fr\/produit\/series-1950-sheets\/","title":{"rendered":"S\u00e9rie 1950"},"content":{"rendered":"<p><strong>Pour une finition parfaite \u00e0 pleine vitesse<\/strong><br \/>\nLe produit polyvalent 1950 siaspeed est sp\u00e9cialement con\u00e7u pour des taux d'enl\u00e8vement de mati\u00e8re \u00e9lev\u00e9s, une qualit\u00e9 de surface parfaite et une longue dur\u00e9e de vie dans des applications telles que le traitement de surface des mastics de carrosserie, des mastics d'appr\u00eat, des laques et des peintures.<\/p>\n<p><strong>Avantages<\/strong><br \/>\n- Taux d'enl\u00e8vement de mati\u00e8re tr\u00e8s \u00e9lev\u00e9s et excellente finition<br \/>\n- M\u00e9lange de grains am\u00e9liorant les performances avec du corindon c\u00e9ramique dans la gamme de grains 40 - 80<br \/>\n- Colmatage minimal gr\u00e2ce \u00e0 un rev\u00eatement ouvert dans la gamme de grains 220 - 600<br \/>\n- Dur\u00e9e de vie extr\u00eamement longue<br \/>\n- Disponible avec le support innovant FiboTec \u00e0 chambres d'air multiples<br \/>\n- R\u00e9duction de la consommation d'abrasif<br \/>\n- Un produit polyvalent avec une gamme d'options attrayantes<\/p>\n<p><strong>Applications<\/strong><br \/>\n- Pon\u00e7age des rev\u00eatements et des impuret\u00e9s<br \/>\n- Poncer les irr\u00e9gularit\u00e9s sur les bords des surfaces r\u00e9par\u00e9es.<br \/>\n- Mise \u00e0 plat de l'enduit de carrosserie et de l'enduit d'appr\u00eat<br \/>\n- Pon\u00e7age fin du mastic d'appr\u00eat<br \/>\n- Clavetage des anciennes et nouvelles laques<\/p>\n<p><a class=\"fasc-button fasc-size-medium fasc-type-flat fasc-ico-before dashicons-download\" style=\"background-color: #d10708; color: #ffffff;\" target=\"_blank\" rel=\"noopener\" href=\"https:\/\/jjscanada.ca\/wp-content\/uploads\/2023\/01\/1950_siaspeed_40-to-1500_fast_2018_08_27_CAN.pdf\">T\u00c9L\u00c9CHARGER FICHE TECHNIQUE<\/a><\/p>","protected":false},"excerpt":{"rendered":"<p><strong>Pour une finition parfaite \u00e0 pleine vitesse<\/strong><br \/>\nLe produit polyvalent 1950 siaspeed est sp\u00e9cialement con\u00e7u pour des taux d'enl\u00e8vement de mati\u00e8re \u00e9lev\u00e9s, une qualit\u00e9 de surface parfaite et une longue dur\u00e9e de vie dans des applications telles que le traitement de surface des mastics de carrosserie, des mastics d'appr\u00eat, des laques et des peintures.<\/p>","protected":false},"featured_media":7395,"template":"","meta":{"site-sidebar-layout":"default","site-content-layout":"default","ast-site-content-layout":"default","site-content-style":"default","site-sidebar-style":"default","ast-global-header-display":"","ast-banner-title-visibility":"","ast-main-header-display":"","ast-hfb-above-header-display":"","ast-hfb-below-header-display":"","ast-hfb-mobile-header-display":"","site-post-title":"","ast-breadcrumbs-content":"","ast-featured-img":"","footer-sml-layout":"","ast-disable-related-posts":"","theme-transparent-header-meta":"default","adv-header-id-meta":"","stick-header-meta":"default","header-above-stick-meta":"","header-main-stick-meta":"","header-below-stick-meta":"","astra-migrate-meta-layouts":"default","ast-page-background-enabled":"default","ast-page-background-meta":{"desktop":{"background-color":"","background-image":"","background-repeat":"repeat","background-position":"center center","background-size":"auto","background-attachment":"scroll","background-type":"","background-media":"","overlay-type":"","overlay-color":"","overlay-opacity":"","overlay-gradient":""},"tablet":{"background-color":"","background-image":"","background-repeat":"repeat","background-position":"center center","background-size":"auto","background-attachment":"scroll","background-type":"","background-media":"","overlay-type":"","overlay-color":"","overlay-opacity":"","overlay-gradient":""},"mobile":{"background-color":"","background-image":"","background-repeat":"repeat","background-position":"center center","background-size":"auto","background-attachment":"scroll","background-type":"","background-media":"","overlay-type":"","overlay-color":"","overlay-opacity":"","overlay-gradient":""}},"ast-content-background-meta":{"desktop":{"background-color":"var(--ast-global-color-5)","background-image":"","background-repeat":"repeat","background-position":"center center","background-size":"auto","background-attachment":"scroll","background-type":"","background-media":"","overlay-type":"","overlay-color":"","overlay-opacity":"","overlay-gradient":""},"tablet":{"background-color":"var(--ast-global-color-5)","background-image":"","background-repeat":"repeat","background-position":"center center","background-size":"auto","background-attachment":"scroll","background-type":"","background-media":"","overlay-type":"","overlay-color":"","overlay-opacity":"","overlay-gradient":""},"mobile":{"background-color":"var(--ast-global-color-5)","background-image":"","background-repeat":"repeat","background-position":"center center","background-size":"auto","background-attachment":"scroll","background-type":"","background-media":"","overlay-type":"","overlay-color":"","overlay-opacity":"","overlay-gradient":""}}},"product_brand":[],"product_cat":[102,63,66,53],"product_tag":[],"class_list":{"0":"post-856","1":"product","2":"type-product","3":"status-publish","4":"has-post-thumbnail","6":"product_cat-application-abrasives","7":"product_cat-automotive","8":"product_cat-sheets-strips","9":"product_cat-brand-sia-abrasives","10":"desktop-align-center","11":"tablet-align-center","12":"mobile-align-center","14":"first","15":"instock","16":"shipping-taxable","17":"product-type-simple"},"_links":{"self":[{"href":"https:\/\/jjscanada.ca\/fr\/wp-json\/wp\/v2\/product\/856","targetHints":{"allow":["GET"]}}],"collection":[{"href":"https:\/\/jjscanada.ca\/fr\/wp-json\/wp\/v2\/product"}],"about":[{"href":"https:\/\/jjscanada.ca\/fr\/wp-json\/wp\/v2\/types\/product"}],"wp:featuredmedia":[{"embeddable":true,"href":"https:\/\/jjscanada.ca\/fr\/wp-json\/wp\/v2\/media\/7395"}],"wp:attachment":[{"href":"https:\/\/jjscanada.ca\/fr\/wp-json\/wp\/v2\/media?parent=856"}],"wp:term":[{"taxonomy":"product_brand","embeddable":true,"href":"https:\/\/jjscanada.ca\/fr\/wp-json\/wp\/v2\/product_brand?post=856"},{"taxonomy":"product_cat","embeddable":true,"href":"https:\/\/jjscanada.ca\/fr\/wp-json\/wp\/v2\/product_cat?post=856"},{"taxonomy":"product_tag","embeddable":true,"href":"https:\/\/jjscanada.ca\/fr\/wp-json\/wp\/v2\/product_tag?post=856"}],"curies":[{"name":"wp","href":"https:\/\/api.w.org\/{rel}","templated":true}]}}