{"id":860,"date":"2022-11-18T19:48:00","date_gmt":"2022-11-18T19:48:00","guid":{"rendered":"https:\/\/jjscanada.ca\/?post_type=product&#038;p=860"},"modified":"2023-02-07T06:21:05","modified_gmt":"2023-02-07T06:21:05","slug":"series-7979-strips-2","status":"publish","type":"product","link":"https:\/\/jjscanada.ca\/fr\/produit\/series-7979-strips-2\/","title":{"rendered":"S\u00e9rie 7979 (bandes)"},"content":{"rendered":"<p><strong>Pour le pon\u00e7age humide dans les zones difficiles d'acc\u00e8s<\/strong><br \/>\n7979 siasponge soft vous permet de r\u00e9aliser facilement des travaux tels que le clavetage, le pon\u00e7age fin, l'\u00e9grenage et la pr\u00e9paration au polissage. Ce tampon tr\u00e8s flexible s'adapte tr\u00e8s bien aux contours, aux courbes et aux profils - et assure ainsi une finition uniforme de haute qualit\u00e9.<\/p>\n<p><strong>Avantages<\/strong><br \/>\n- Peut \u00eatre utilis\u00e9 humide ou sec<br \/>\n- Code couleur pour une identification facile<br \/>\n- Faible colmatage gr\u00e2ce aux propri\u00e9t\u00e9s 3D conf\u00e9r\u00e9es par la mousse, le syst\u00e8me de liant et les grains.<br \/>\n- Pour les zones difficiles \u00e0 atteindre et les profils ronds<br \/>\n- Profondeur de rayure r\u00e9guli\u00e8re gr\u00e2ce \u00e0 une performance de meulage constante<br \/>\n- Aucun risque de pon\u00e7age gr\u00e2ce \u00e0 la mousse d'\u00e9galisation de la pression.<\/p>\n<p><strong>Applications<\/strong><br \/>\n- Clavetage du bois et des mati\u00e8res plastiques<br \/>\n- Clivage des vernis, appr\u00eats et peintures classiques, anciens et nouveaux.<br \/>\n- Pon\u00e7age fin du mastic d'appr\u00eat dans les zones difficiles \u00e0 atteindre<br \/>\n- Vernis de gommage<br \/>\n- Mise \u00e0 plat du mastic d'appr\u00eat<br \/>\n- Pon\u00e7age interm\u00e9diaire des laques<\/p>","protected":false},"excerpt":{"rendered":"<p><strong>Pour le pon\u00e7age humide dans les zones difficiles d'acc\u00e8s<\/strong><br \/>\n7979 siasponge soft vous permet de r\u00e9aliser facilement des travaux tels que le clavetage, le pon\u00e7age fin, l'\u00e9grenage et la pr\u00e9paration au polissage. Ce tampon tr\u00e8s flexible s'adapte tr\u00e8s bien aux contours, aux courbes et aux profils - et assure ainsi une finition uniforme de haute qualit\u00e9.<\/p>","protected":false},"featured_media":7452,"template":"","meta":{"site-sidebar-layout":"default","site-content-layout":"default","ast-site-content-layout":"default","site-content-style":"default","site-sidebar-style":"default","ast-global-header-display":"","ast-banner-title-visibility":"","ast-main-header-display":"","ast-hfb-above-header-display":"","ast-hfb-below-header-display":"","ast-hfb-mobile-header-display":"","site-post-title":"","ast-breadcrumbs-content":"","ast-featured-img":"","footer-sml-layout":"","ast-disable-related-posts":"","theme-transparent-header-meta":"default","adv-header-id-meta":"","stick-header-meta":"default","header-above-stick-meta":"","header-main-stick-meta":"","header-below-stick-meta":"","astra-migrate-meta-layouts":"default","ast-page-background-enabled":"default","ast-page-background-meta":{"desktop":{"background-color":"","background-image":"","background-repeat":"repeat","background-position":"center center","background-size":"auto","background-attachment":"scroll","background-type":"","background-media":"","overlay-type":"","overlay-color":"","overlay-opacity":"","overlay-gradient":""},"tablet":{"background-color":"","background-image":"","background-repeat":"repeat","background-position":"center center","background-size":"auto","background-attachment":"scroll","background-type":"","background-media":"","overlay-type":"","overlay-color":"","overlay-opacity":"","overlay-gradient":""},"mobile":{"background-color":"","background-image":"","background-repeat":"repeat","background-position":"center center","background-size":"auto","background-attachment":"scroll","background-type":"","background-media":"","overlay-type":"","overlay-color":"","overlay-opacity":"","overlay-gradient":""}},"ast-content-background-meta":{"desktop":{"background-color":"var(--ast-global-color-5)","background-image":"","background-repeat":"repeat","background-position":"center center","background-size":"auto","background-attachment":"scroll","background-type":"","background-media":"","overlay-type":"","overlay-color":"","overlay-opacity":"","overlay-gradient":""},"tablet":{"background-color":"var(--ast-global-color-5)","background-image":"","background-repeat":"repeat","background-position":"center center","background-size":"auto","background-attachment":"scroll","background-type":"","background-media":"","overlay-type":"","overlay-color":"","overlay-opacity":"","overlay-gradient":""},"mobile":{"background-color":"var(--ast-global-color-5)","background-image":"","background-repeat":"repeat","background-position":"center center","background-size":"auto","background-attachment":"scroll","background-type":"","background-media":"","overlay-type":"","overlay-color":"","overlay-opacity":"","overlay-gradient":""}}},"product_brand":[],"product_cat":[102,54,53,57],"product_tag":[],"class_list":{"0":"post-860","1":"product","2":"type-product","3":"status-publish","4":"has-post-thumbnail","6":"product_cat-application-abrasives","7":"product_cat-foam-abrasives","8":"product_cat-brand-sia-abrasives","9":"product_cat-woodworking","10":"desktop-align-center","11":"tablet-align-center","12":"mobile-align-center","14":"first","15":"instock","16":"shipping-taxable","17":"product-type-simple"},"_links":{"self":[{"href":"https:\/\/jjscanada.ca\/fr\/wp-json\/wp\/v2\/product\/860","targetHints":{"allow":["GET"]}}],"collection":[{"href":"https:\/\/jjscanada.ca\/fr\/wp-json\/wp\/v2\/product"}],"about":[{"href":"https:\/\/jjscanada.ca\/fr\/wp-json\/wp\/v2\/types\/product"}],"wp:featuredmedia":[{"embeddable":true,"href":"https:\/\/jjscanada.ca\/fr\/wp-json\/wp\/v2\/media\/7452"}],"wp:attachment":[{"href":"https:\/\/jjscanada.ca\/fr\/wp-json\/wp\/v2\/media?parent=860"}],"wp:term":[{"taxonomy":"product_brand","embeddable":true,"href":"https:\/\/jjscanada.ca\/fr\/wp-json\/wp\/v2\/product_brand?post=860"},{"taxonomy":"product_cat","embeddable":true,"href":"https:\/\/jjscanada.ca\/fr\/wp-json\/wp\/v2\/product_cat?post=860"},{"taxonomy":"product_tag","embeddable":true,"href":"https:\/\/jjscanada.ca\/fr\/wp-json\/wp\/v2\/product_tag?post=860"}],"curies":[{"name":"wp","href":"https:\/\/api.w.org\/{rel}","templated":true}]}}