{"id":862,"date":"2022-11-18T19:48:00","date_gmt":"2022-11-18T19:48:00","guid":{"rendered":"https:\/\/jjscanada.ca\/?post_type=product&#038;p=862"},"modified":"2023-02-07T06:25:17","modified_gmt":"2023-02-07T06:25:17","slug":"series-7983-strips-foam","status":"publish","type":"product","link":"https:\/\/jjscanada.ca\/fr\/produit\/series-7983-strips-foam\/","title":{"rendered":"S\u00e9rie 7983 (bandes)"},"content":{"rendered":"<p style=\"text-align: left;\"><strong>S'adapte parfaitement \u00e0 la pi\u00e8ce \u00e0 usiner<br \/>\n<\/strong>Qu'il s'agisse de courbes, de formes ou de contours - un pon\u00e7age uniforme et parfait peut \u00eatre obtenu avec 7983 siasponge flex. La mousse extra-souple de siasponge flex assure une conformabilit\u00e9 maximale.<\/p>\n<p><strong>Avantages<\/strong><br \/>\n- Code couleur pour une identification facile<br \/>\n- Aucun risque de pon\u00e7age gr\u00e2ce \u00e0 la mousse d'\u00e9galisation de la pression.<br \/>\n- Grande adaptabilit\u00e9 aux contours, courbes et profils<br \/>\n- Faible colmatage<br \/>\n- Peut \u00eatre utilis\u00e9 plusieurs fois<br \/>\n- Des performances constantes pendant toute la dur\u00e9e de vie du produit<br \/>\n- Peut \u00eatre utilis\u00e9 humide ou sec<\/p>\n<p><strong>Applications<\/strong><br \/>\n- Code couleur pour une identification facile<br \/>\n- Aucun risque de pon\u00e7age gr\u00e2ce \u00e0 la mousse d'\u00e9galisation de la pression.<br \/>\n- Grande adaptabilit\u00e9 aux contours, courbes et profils<br \/>\n- Faible colmatage<br \/>\n- Peut \u00eatre utilis\u00e9 plusieurs fois<br \/>\n- Des performances constantes pendant toute la dur\u00e9e de vie du produit<br \/>\n- Peut \u00eatre utilis\u00e9 humide ou sec<br \/>\n<strong><br \/>\n<a class=\"fasc-button fasc-size-medium fasc-type-flat fasc-ico-before dashicons-download\" style=\"background-color: #d10708; color: #ffffff;\" target=\"_blank\" rel=\"noopener\" href=\"https:\/\/jjscanada.ca\/wp-content\/uploads\/2023\/01\/7983_siasponge-flex_medium-to-ultrafine_2018_08_27_CAN.pdf\">T\u00c9L\u00c9CHARGER FICHE TECHNIQUE<\/a><\/strong><\/p>","protected":false},"excerpt":{"rendered":"<p><strong>S'adapte parfaitement \u00e0 la pi\u00e8ce \u00e0 usiner<\/strong><br \/>\nQu'il s'agisse de courbes, de formes ou de contours - un pon\u00e7age uniforme et parfait peut \u00eatre obtenu avec 7983 siasponge flex. La mousse extra-souple de siasponge flex assure une conformabilit\u00e9 maximale.<\/p>","protected":false},"featured_media":7455,"template":"","meta":{"site-sidebar-layout":"default","site-content-layout":"default","ast-site-content-layout":"default","site-content-style":"default","site-sidebar-style":"default","ast-global-header-display":"","ast-banner-title-visibility":"","ast-main-header-display":"","ast-hfb-above-header-display":"","ast-hfb-below-header-display":"","ast-hfb-mobile-header-display":"","site-post-title":"","ast-breadcrumbs-content":"","ast-featured-img":"","footer-sml-layout":"","ast-disable-related-posts":"","theme-transparent-header-meta":"default","adv-header-id-meta":"","stick-header-meta":"default","header-above-stick-meta":"","header-main-stick-meta":"","header-below-stick-meta":"","astra-migrate-meta-layouts":"default","ast-page-background-enabled":"default","ast-page-background-meta":{"desktop":{"background-color":"","background-image":"","background-repeat":"repeat","background-position":"center center","background-size":"auto","background-attachment":"scroll","background-type":"","background-media":"","overlay-type":"","overlay-color":"","overlay-opacity":"","overlay-gradient":""},"tablet":{"background-color":"","background-image":"","background-repeat":"repeat","background-position":"center center","background-size":"auto","background-attachment":"scroll","background-type":"","background-media":"","overlay-type":"","overlay-color":"","overlay-opacity":"","overlay-gradient":""},"mobile":{"background-color":"","background-image":"","background-repeat":"repeat","background-position":"center center","background-size":"auto","background-attachment":"scroll","background-type":"","background-media":"","overlay-type":"","overlay-color":"","overlay-opacity":"","overlay-gradient":""}},"ast-content-background-meta":{"desktop":{"background-color":"var(--ast-global-color-5)","background-image":"","background-repeat":"repeat","background-position":"center center","background-size":"auto","background-attachment":"scroll","background-type":"","background-media":"","overlay-type":"","overlay-color":"","overlay-opacity":"","overlay-gradient":""},"tablet":{"background-color":"var(--ast-global-color-5)","background-image":"","background-repeat":"repeat","background-position":"center center","background-size":"auto","background-attachment":"scroll","background-type":"","background-media":"","overlay-type":"","overlay-color":"","overlay-opacity":"","overlay-gradient":""},"mobile":{"background-color":"var(--ast-global-color-5)","background-image":"","background-repeat":"repeat","background-position":"center center","background-size":"auto","background-attachment":"scroll","background-type":"","background-media":"","overlay-type":"","overlay-color":"","overlay-opacity":"","overlay-gradient":""}}},"product_brand":[],"product_cat":[102,54,53,57],"product_tag":[],"class_list":{"0":"post-862","1":"product","2":"type-product","3":"status-publish","4":"has-post-thumbnail","6":"product_cat-application-abrasives","7":"product_cat-foam-abrasives","8":"product_cat-brand-sia-abrasives","9":"product_cat-woodworking","10":"desktop-align-center","11":"tablet-align-center","12":"mobile-align-center","14":"first","15":"instock","16":"shipping-taxable","17":"product-type-simple"},"_links":{"self":[{"href":"https:\/\/jjscanada.ca\/fr\/wp-json\/wp\/v2\/product\/862","targetHints":{"allow":["GET"]}}],"collection":[{"href":"https:\/\/jjscanada.ca\/fr\/wp-json\/wp\/v2\/product"}],"about":[{"href":"https:\/\/jjscanada.ca\/fr\/wp-json\/wp\/v2\/types\/product"}],"wp:featuredmedia":[{"embeddable":true,"href":"https:\/\/jjscanada.ca\/fr\/wp-json\/wp\/v2\/media\/7455"}],"wp:attachment":[{"href":"https:\/\/jjscanada.ca\/fr\/wp-json\/wp\/v2\/media?parent=862"}],"wp:term":[{"taxonomy":"product_brand","embeddable":true,"href":"https:\/\/jjscanada.ca\/fr\/wp-json\/wp\/v2\/product_brand?post=862"},{"taxonomy":"product_cat","embeddable":true,"href":"https:\/\/jjscanada.ca\/fr\/wp-json\/wp\/v2\/product_cat?post=862"},{"taxonomy":"product_tag","embeddable":true,"href":"https:\/\/jjscanada.ca\/fr\/wp-json\/wp\/v2\/product_tag?post=862"}],"curies":[{"name":"wp","href":"https:\/\/api.w.org\/{rel}","templated":true}]}}