{"id":863,"date":"2022-11-18T19:48:00","date_gmt":"2022-11-18T19:48:00","guid":{"rendered":"https:\/\/jjscanada.ca\/?post_type=product&#038;p=863"},"modified":"2023-02-07T06:17:57","modified_gmt":"2023-02-07T06:17:57","slug":"series-7990","status":"publish","type":"product","link":"https:\/\/jjscanada.ca\/fr\/produit\/series-7990\/","title":{"rendered":"S\u00e9rie 7990"},"content":{"rendered":"<p><strong>Le bloc de mousse pour une utilisation rapide<\/strong><br \/>\nLes surfaces peuvent \u00eatre trait\u00e9es rapidement et facilement avec le bloc siasponge 7990. Ce bloc de pon\u00e7age pratique est pr\u00eat \u00e0 l'emploi \u00e0 tout moment et permet d'obtenir d'excellents r\u00e9sultats sur le bois, les plastiques, les peintures, les laques et \u00e9galement sur les composites gr\u00e2ce \u00e0 sa grande stabilit\u00e9 des bords.<\/p>\n<p><strong>Avantages<\/strong><br \/>\n- Code couleur pour une identification facile<br \/>\n- Faible colmatage<br \/>\n- Peut \u00eatre utilis\u00e9 humide ou sec<br \/>\n- Rev\u00eatu sur les quatre c\u00f4t\u00e9s, il est id\u00e9al pour une utilisation \u00e0 l'int\u00e9rieur des feuillures et sur les surfaces planes.<\/p>\n<p><strong>Applications<\/strong><br \/>\n- Clavetage du bois, du m\u00e9tal et du plastique avant l'application de la peinture<br \/>\n- Pon\u00e7age fin du mastic d'appr\u00eat<br \/>\n- Pon\u00e7age interm\u00e9diaire des vernis sur les surfaces et les courbes<br \/>\n- Fractionnement des feuillures et des l\u00e9g\u00e8res courbes<\/p>\n<p><a class=\"fasc-button fasc-size-medium fasc-type-flat fasc-ico-before dashicons-download\" style=\"background-color: #d10708; color: #ffffff;\" target=\"_blank\" rel=\"noopener\" href=\"https:\/\/jjscanada.ca\/wp-content\/uploads\/2023\/01\/7990_siasponge-block_coarse-to-superfine_2018_08_27_CAN.pdf\">T\u00c9L\u00c9CHARGER FICHE TECHNIQUE<\/a><\/p>","protected":false},"excerpt":{"rendered":"<p><strong>Le bloc de mousse pour une utilisation rapide<\/strong><br \/>\nLes surfaces peuvent \u00eatre trait\u00e9es rapidement et facilement avec le bloc siasponge 7990. Ce bloc de pon\u00e7age pratique est pr\u00eat \u00e0 l'emploi \u00e0 tout moment et permet d'obtenir d'excellents r\u00e9sultats sur le bois, les plastiques, les peintures, les laques et \u00e9galement sur les composites gr\u00e2ce \u00e0 sa grande stabilit\u00e9 des bords.<\/p>","protected":false},"featured_media":7450,"template":"","meta":{"site-sidebar-layout":"default","site-content-layout":"default","ast-site-content-layout":"default","site-content-style":"default","site-sidebar-style":"default","ast-global-header-display":"","ast-banner-title-visibility":"","ast-main-header-display":"","ast-hfb-above-header-display":"","ast-hfb-below-header-display":"","ast-hfb-mobile-header-display":"","site-post-title":"","ast-breadcrumbs-content":"","ast-featured-img":"","footer-sml-layout":"","ast-disable-related-posts":"","theme-transparent-header-meta":"default","adv-header-id-meta":"","stick-header-meta":"default","header-above-stick-meta":"","header-main-stick-meta":"","header-below-stick-meta":"","astra-migrate-meta-layouts":"default","ast-page-background-enabled":"default","ast-page-background-meta":{"desktop":{"background-color":"","background-image":"","background-repeat":"repeat","background-position":"center center","background-size":"auto","background-attachment":"scroll","background-type":"","background-media":"","overlay-type":"","overlay-color":"","overlay-opacity":"","overlay-gradient":""},"tablet":{"background-color":"","background-image":"","background-repeat":"repeat","background-position":"center center","background-size":"auto","background-attachment":"scroll","background-type":"","background-media":"","overlay-type":"","overlay-color":"","overlay-opacity":"","overlay-gradient":""},"mobile":{"background-color":"","background-image":"","background-repeat":"repeat","background-position":"center center","background-size":"auto","background-attachment":"scroll","background-type":"","background-media":"","overlay-type":"","overlay-color":"","overlay-opacity":"","overlay-gradient":""}},"ast-content-background-meta":{"desktop":{"background-color":"var(--ast-global-color-5)","background-image":"","background-repeat":"repeat","background-position":"center center","background-size":"auto","background-attachment":"scroll","background-type":"","background-media":"","overlay-type":"","overlay-color":"","overlay-opacity":"","overlay-gradient":""},"tablet":{"background-color":"var(--ast-global-color-5)","background-image":"","background-repeat":"repeat","background-position":"center center","background-size":"auto","background-attachment":"scroll","background-type":"","background-media":"","overlay-type":"","overlay-color":"","overlay-opacity":"","overlay-gradient":""},"mobile":{"background-color":"var(--ast-global-color-5)","background-image":"","background-repeat":"repeat","background-position":"center center","background-size":"auto","background-attachment":"scroll","background-type":"","background-media":"","overlay-type":"","overlay-color":"","overlay-opacity":"","overlay-gradient":""}}},"product_brand":[],"product_cat":[102,54,53,57],"product_tag":[],"class_list":{"0":"post-863","1":"product","2":"type-product","3":"status-publish","4":"has-post-thumbnail","6":"product_cat-application-abrasives","7":"product_cat-foam-abrasives","8":"product_cat-brand-sia-abrasives","9":"product_cat-woodworking","10":"desktop-align-center","11":"tablet-align-center","12":"mobile-align-center","14":"first","15":"instock","16":"shipping-taxable","17":"product-type-simple"},"_links":{"self":[{"href":"https:\/\/jjscanada.ca\/fr\/wp-json\/wp\/v2\/product\/863","targetHints":{"allow":["GET"]}}],"collection":[{"href":"https:\/\/jjscanada.ca\/fr\/wp-json\/wp\/v2\/product"}],"about":[{"href":"https:\/\/jjscanada.ca\/fr\/wp-json\/wp\/v2\/types\/product"}],"wp:featuredmedia":[{"embeddable":true,"href":"https:\/\/jjscanada.ca\/fr\/wp-json\/wp\/v2\/media\/7450"}],"wp:attachment":[{"href":"https:\/\/jjscanada.ca\/fr\/wp-json\/wp\/v2\/media?parent=863"}],"wp:term":[{"taxonomy":"product_brand","embeddable":true,"href":"https:\/\/jjscanada.ca\/fr\/wp-json\/wp\/v2\/product_brand?post=863"},{"taxonomy":"product_cat","embeddable":true,"href":"https:\/\/jjscanada.ca\/fr\/wp-json\/wp\/v2\/product_cat?post=863"},{"taxonomy":"product_tag","embeddable":true,"href":"https:\/\/jjscanada.ca\/fr\/wp-json\/wp\/v2\/product_tag?post=863"}],"curies":[{"name":"wp","href":"https:\/\/api.w.org\/{rel}","templated":true}]}}