{"id":9370,"date":"2024-05-09T15:17:24","date_gmt":"2024-05-09T15:17:24","guid":{"rendered":"https:\/\/jjscanada.ca\/?post_type=product&#038;p=9370"},"modified":"2024-07-18T21:47:48","modified_gmt":"2024-07-18T21:47:48","slug":"jig-saw-p1-cc","status":"publish","type":"product","link":"https:\/\/jjscanada.ca\/fr\/produit\/jig-saw-p1-cc\/","title":{"rendered":"Scie sauteuse Mafell P1 CC"},"content":{"rendered":"<p><strong class=\"entry--label\">Num\u00e9ro de commande :<\/strong>\u00a0<span class=\"entry--content\">917123<\/span><\/p>\n<p><strong>Caract\u00e9ristiques du produit : <\/strong><\/p>\n<ul>\n<li>Plus de puissance gr\u00e2ce au moteur compact CUprex haute performance ;<\/li>\n<li>Plus grande pr\u00e9cision gr\u00e2ce \u00e0 la lame de scie CUnex et \u00e0 la compatibilit\u00e9 avec les rails ;<\/li>\n<li>Facilit\u00e9 d'utilisation accrue gr\u00e2ce au changement de lame sans outil et au positionnement id\u00e9al de la poign\u00e9e ;<\/li>\n<li>Une plus grande flexibilit\u00e9 gr\u00e2ce \u00e0 des accessoires sp\u00e9ciaux plus fins.<\/li>\n<\/ul>\n<p><strong class=\"entry--label\">Sp\u00e9cification de livraison :<\/strong><\/p>\n<ul>\n<li>Lames de scie sauteuse CUnex W1 ; W2 ; W+P2 ;<\/li>\n<li>Guide parall\u00e8le P1-PA : 205448 ;<\/li>\n<li>Plaque de semelle P1-GP : 204350 ;<\/li>\n<li>Connecteur de tuyau P1-AS : 203917 ;<\/li>\n<li>D\u00e9flecteur de copeaux P1-SA : 204353 ;<\/li>\n<li>Splinter Guard P1-SS : 205447 ;<\/li>\n<li>Planeur P1-G : 205464 ;<\/li>\n<li>C\u00e2ble secteur 4 m. : 087830.<\/li>\n<\/ul>\n<p><strong>Donn\u00e9es techniques :<\/strong><\/p>\n<table style=\"height: 67px;\" width=\"980\">\n<tbody>\n<tr>\n<td>Hauteur de la course<\/td>\n<td>1\u2033 \/ 26 mm.<\/td>\n<\/tr>\n<tr>\n<td>Nombre de coups sans charge<\/td>\n<td>800 - 3000 1\/ Min.<\/td>\n<\/tr>\n<tr>\n<td>Puissance nominale absorb\u00e9e<\/td>\n<td>900 W.<\/td>\n<\/tr>\n<tr>\n<td>Poids<\/td>\n<td>2,5 Kg.<\/td>\n<\/tr>\n<tr>\n<td>Moteur universel<\/td>\n<td>120 V. \/ 60 Hz.<\/td>\n<\/tr>\n<\/tbody>\n<\/table>\n<p><strong>Applications :<\/strong><\/p>\n<ul>\n<li>Coupes droites avec rail de guidage et CUnex ;<\/li>\n<li>Coupe circulaire guid\u00e9e avec guide parall\u00e8le P-PA et CUnex ;<\/li>\n<li>Suspensions ;<\/li>\n<li>Coupes en biseau jusqu'\u00e0 45\u00b0 ;<\/li>\n<li>Les mat\u00e9riaux compatibles d\u00e9pendent de la lame de scie ; voir les accessoires\/outils sp\u00e9ciaux.<\/li>\n<\/ul>\n<p><strong>Avantages :<\/strong><\/p>\n<ul>\n<li>L'iF Product Design Award 2011 pour la scie sauteuse P1 cc.<\/li>\n<li>Pour changer la lame de scie, il suffit de rel\u00e2cher le levier de verrouillage. D'une seule main, retirez la lame sans effort et ins\u00e9rez la lame de remplacement.<\/li>\n<li>Le moteur compact CUprex haute performance offre des vitesses \u00e9lev\u00e9es et constantes, m\u00eame lors de coupes longues.<\/li>\n<li>Le canal d'aspiration int\u00e9gr\u00e9 dans la semelle garantit une excellente aspiration de la poussi\u00e8re directement \u00e0 c\u00f4t\u00e9 de la lame de scie.<\/li>\n<\/ul>\n<p><strong>Voir en action :<\/strong><\/p>\n<div class=\"ast-oembed-container\" style=\"height: 100%;\"><iframe title=\"Mafell P1 cc : Une pr\u00e9cision de haut niveau\" width=\"500\" height=\"281\" src=\"https:\/\/www.youtube.com\/embed\/ymVV8eYTvio?feature=oembed\" frameborder=\"0\" allow=\"accelerometer; autoplay; clipboard-write; encrypted-media; gyroscope; picture-in-picture; web-share\" referrerpolicy=\"strict-origin-when-cross-origin\" allowfullscreen><\/iframe><\/div>\n<div class=\"ast-oembed-container\" style=\"height: 100%;\"><iframe title=\"Mafell P1 cc : Einsatz mit F\u00fchrungsschiene\" width=\"500\" height=\"281\" src=\"https:\/\/www.youtube.com\/embed\/V2_fE0H8jQE?feature=oembed\" frameborder=\"0\" allow=\"accelerometer; autoplay; clipboard-write; encrypted-media; gyroscope; picture-in-picture; web-share\" referrerpolicy=\"strict-origin-when-cross-origin\" allowfullscreen><\/iframe><\/div>\n<div class=\"ast-oembed-container\" style=\"height: 100%;\"><iframe title=\"Mafell P1 cc : Parallelanschlag mit 4-fach Funktion\" width=\"500\" height=\"281\" src=\"https:\/\/www.youtube.com\/embed\/hfbor8mKxDY?feature=oembed\" frameborder=\"0\" allow=\"accelerometer; autoplay; clipboard-write; encrypted-media; gyroscope; picture-in-picture; web-share\" referrerpolicy=\"strict-origin-when-cross-origin\" allowfullscreen><\/iframe><\/div>\n<div class=\"ast-oembed-container\" style=\"height: 100%;\"><iframe title=\"Mafell P1 cc : Schwenkplatte\" width=\"500\" height=\"281\" src=\"https:\/\/www.youtube.com\/embed\/H90-vWLzyQw?feature=oembed\" frameborder=\"0\" allow=\"accelerometer; autoplay; clipboard-write; encrypted-media; gyroscope; picture-in-picture; web-share\" referrerpolicy=\"strict-origin-when-cross-origin\" allowfullscreen><\/iframe><\/div>","protected":false},"excerpt":{"rendered":"<ul>\n<li>Gr\u00e2ce \u00e0 sa conception ergonomique, avec un centre de pression bas et des coussinets souples, le P1 cc est agr\u00e9able \u00e0 tenir dans toutes les situations.<\/li>\n<li>Une auto-extraction sophistiqu\u00e9e et une soufflerie int\u00e9gr\u00e9e intelligente maintiennent la surface de travail exempte de copeaux, m\u00eame si un aspirateur de poussi\u00e8re n'est pas raccord\u00e9. Le lieu de travail reste donc toujours propre.<\/li>\n<li>Le P1 cc offre des vitesses variables en continu dans la plage de 800 \u00e0 3000 coups\/minute, ce qui permet d'ajuster le rendement exactement en fonction du mat\u00e9riau.<\/li>\n<li>La semelle, avec canal d'aspiration int\u00e9gr\u00e9, est aussi solide qu'elle en a l'air. Gr\u00e2ce \u00e0 un m\u00e9canisme de fixation rapide, elle reste fix\u00e9e \u00e0 la scie \u00e0 un angle parfaitement droit.<\/li>\n<li>Ses accessoires intelligents conf\u00e8rent \u00e0 la P1 cc une polyvalence sans pr\u00e9c\u00e9dent. Le design innovant de la nouvelle lame de scie de pr\u00e9cision Mafell CUnex W1, en particulier, permet un sciage extr\u00eamement pr\u00e9cis.<\/li>\n<\/ul>","protected":false},"featured_media":9717,"template":"","meta":{"site-sidebar-layout":"default","site-content-layout":"","ast-site-content-layout":"normal-width-container","site-content-style":"boxed","site-sidebar-style":"default","ast-global-header-display":"","ast-banner-title-visibility":"","ast-main-header-display":"","ast-hfb-above-header-display":"","ast-hfb-below-header-display":"","ast-hfb-mobile-header-display":"","site-post-title":"","ast-breadcrumbs-content":"","ast-featured-img":"","footer-sml-layout":"","ast-disable-related-posts":"","theme-transparent-header-meta":"default","adv-header-id-meta":"","stick-header-meta":"","header-above-stick-meta":"","header-main-stick-meta":"","header-below-stick-meta":"","astra-migrate-meta-layouts":"set","ast-page-background-enabled":"default","ast-page-background-meta":{"desktop":{"background-color":"","background-image":"","background-repeat":"repeat","background-position":"center center","background-size":"auto","background-attachment":"scroll","background-type":"","background-media":"","overlay-type":"","overlay-color":"","overlay-opacity":"","overlay-gradient":""},"tablet":{"background-color":"","background-image":"","background-repeat":"repeat","background-position":"center center","background-size":"auto","background-attachment":"scroll","background-type":"","background-media":"","overlay-type":"","overlay-color":"","overlay-opacity":"","overlay-gradient":""},"mobile":{"background-color":"","background-image":"","background-repeat":"repeat","background-position":"center center","background-size":"auto","background-attachment":"scroll","background-type":"","background-media":"","overlay-type":"","overlay-color":"","overlay-opacity":"","overlay-gradient":""}},"ast-content-background-meta":{"desktop":{"background-color":"var(--ast-global-color-5)","background-image":"","background-repeat":"repeat","background-position":"center center","background-size":"auto","background-attachment":"scroll","background-type":"","background-media":"","overlay-type":"","overlay-color":"","overlay-opacity":"","overlay-gradient":""},"tablet":{"background-color":"var(--ast-global-color-5)","background-image":"","background-repeat":"repeat","background-position":"center center","background-size":"auto","background-attachment":"scroll","background-type":"","background-media":"","overlay-type":"","overlay-color":"","overlay-opacity":"","overlay-gradient":""},"mobile":{"background-color":"var(--ast-global-color-5)","background-image":"","background-repeat":"repeat","background-position":"center center","background-size":"auto","background-attachment":"scroll","background-type":"","background-media":"","overlay-type":"","overlay-color":"","overlay-opacity":"","overlay-gradient":""}}},"product_brand":[],"product_cat":[305,328,105,57],"product_tag":[],"class_list":{"0":"post-9370","1":"product","2":"type-product","3":"status-publish","4":"has-post-thumbnail","6":"product_cat-mafell","7":"product_cat-sawing-mafell","8":"product_cat-application-tools","9":"product_cat-woodworking","10":"desktop-align-center","11":"tablet-align-center","12":"mobile-align-center","14":"first","15":"instock","16":"shipping-taxable","17":"product-type-simple"},"_links":{"self":[{"href":"https:\/\/jjscanada.ca\/fr\/wp-json\/wp\/v2\/product\/9370","targetHints":{"allow":["GET"]}}],"collection":[{"href":"https:\/\/jjscanada.ca\/fr\/wp-json\/wp\/v2\/product"}],"about":[{"href":"https:\/\/jjscanada.ca\/fr\/wp-json\/wp\/v2\/types\/product"}],"wp:featuredmedia":[{"embeddable":true,"href":"https:\/\/jjscanada.ca\/fr\/wp-json\/wp\/v2\/media\/9717"}],"wp:attachment":[{"href":"https:\/\/jjscanada.ca\/fr\/wp-json\/wp\/v2\/media?parent=9370"}],"wp:term":[{"taxonomy":"product_brand","embeddable":true,"href":"https:\/\/jjscanada.ca\/fr\/wp-json\/wp\/v2\/product_brand?post=9370"},{"taxonomy":"product_cat","embeddable":true,"href":"https:\/\/jjscanada.ca\/fr\/wp-json\/wp\/v2\/product_cat?post=9370"},{"taxonomy":"product_tag","embeddable":true,"href":"https:\/\/jjscanada.ca\/fr\/wp-json\/wp\/v2\/product_tag?post=9370"}],"curies":[{"name":"wp","href":"https:\/\/api.w.org\/{rel}","templated":true}]}}