{"id":9381,"date":"2024-05-09T15:28:46","date_gmt":"2024-05-09T15:28:46","guid":{"rendered":"https:\/\/jjscanada.ca\/?post_type=product&#038;p=9381"},"modified":"2024-07-18T21:52:52","modified_gmt":"2024-07-18T21:52:52","slug":"cordless-plunge-cut-saw-mt-55-18-m","status":"publish","type":"product","link":"https:\/\/jjscanada.ca\/fr\/produit\/cordless-plunge-cut-saw-mt-55-18-m\/","title":{"rendered":"Scie plongeante sans fil Mafell MT 55 18 M"},"content":{"rendered":"<p><strong class=\"entry--label\">Num\u00e9ro de commande :<\/strong> 91B423<\/p>\n<p><strong>Caract\u00e9ristiques du produit :<\/strong><\/p>\n<ul>\n<li>Fonction d'incision incluse, vitesse \u00e9lev\u00e9e et r\u00e9glage fin pour une plus grande pr\u00e9cision ;<\/li>\n<li>Compatible avec d'autres syst\u00e8mes de rails ;<\/li>\n<li>Avec le changement de lame le plus rapide et le plus innovant au monde ;<\/li>\n<li>Plus de puissance gr\u00e2ce \u00e0 la haute performance ;<\/li>\n<li>Moteur compact CUprex.<\/li>\n<\/ul>\n<p><strong class=\"entry--label\">Sp\u00e9cification de livraison :<\/strong><\/p>\n<ul>\n<li>Lame de scie TCT : 092584 162 x 1,2\/1,8 x 20 mm, AT, 48 dents (pour une utilisation universelle avec les mat\u00e9riaux pour panneaux) ;<\/li>\n<li>Batterie PowerTank 18 M. 99 LiHD : 094503 18 V., 99 Wh., LiHD.. ;<\/li>\n<li>Batterie-PowerStation APS M (uniquement 91B423) : 095220 ;<\/li>\n<li>Indicateur de position MT-PA (Seulement : 91B423) : 205398 ;<\/li>\n<li>Guide parall\u00e8le (seulement 91B423) : 203214 ;<\/li>\n<li>Cl\u00e9 Allen 5 mm : 093034.<\/li>\n<\/ul>\n<p><strong>Donn\u00e9es techniques :<\/strong><\/p>\n<table>\n<tbody>\n<tr>\n<td><span style=\"font-weight: 400;\">Profondeur de coupe<\/span><\/td>\n<td><span style=\"font-weight: 400;\">2-1\/4\u2033 \/ 57 mm.<\/span><\/td>\n<\/tr>\n<tr>\n<td><span style=\"font-weight: 400;\">Profondeur de coupe \u00e0 45<\/span><\/td>\n<td><span style=\"font-weight: 400;\">0 - 40,5 mm.<\/span><\/td>\n<\/tr>\n<tr>\n<td><span style=\"font-weight: 400;\">Plage d'inclinaison<\/span><\/td>\n<td><span style=\"font-weight: 400;\">-1 - +48 \u00b0<\/span><\/td>\n<\/tr>\n<tr>\n<td><span style=\"font-weight: 400;\">Nombre nominal de courses - \u00e0 vide<\/span><\/td>\n<td><span style=\"font-weight: 400;\">3600 - 6250 1\/Min.<\/span><\/td>\n<\/tr>\n<tr>\n<td><span style=\"font-weight: 400;\">Entr\u00e9e nominale<\/span><\/td>\n<td><span style=\"font-weight: 400;\">1400 W.<\/span><\/td>\n<\/tr>\n<tr>\n<td><span style=\"font-weight: 400;\">Poids<\/span><\/td>\n<td><span style=\"font-weight: 400;\">4,5 Kg.<\/span><\/td>\n<\/tr>\n<tr>\n<td><span style=\"font-weight: 400;\">Batterie<\/span><\/td>\n<td><span style=\"font-weight: 400;\">18 V., 99 Wh., LiHD.<\/span><\/td>\n<\/tr>\n<\/tbody>\n<\/table>\n<p><strong>Applications :<\/strong><\/p>\n<ul>\n<li>Coupes transversales et coupes en long ;<\/li>\n<li>Coupes en biseau de -1 \u00e0 +48\u00b0 ;<\/li>\n<li>Coupes plongeantes ;<\/li>\n<li>Les mat\u00e9riaux compatibles sont le bois massif, les panneaux de fibres de ciment, les panneaux de r\u00e9sine de m\u00e9lamine (Trespa), les panneaux OSB, les panneaux de fibres de gypse, les plastiques, les panneaux de fa\u00e7ade et divers mat\u00e9riaux en carton.<\/li>\n<\/ul>\n<p><strong>Avantages :<\/strong><\/p>\n<ul>\n<li>Possibilit\u00e9 de r\u00e9glage tr\u00e8s fin de la profondeur de coupe, par exemple pour travailler avec une lame r\u00e9aff\u00fbt\u00e9e ou avec du Fermacell.<\/li>\n<li>Le couvercle ferm\u00e9 de la lame de scie et la barre de glissement au niveau de la coupe de la scie garantissent une tr\u00e8s faible formation de poussi\u00e8re.<\/li>\n<li>La profondeur de coupe peut \u00eatre r\u00e9gl\u00e9e au millim\u00e8tre pr\u00e8s. Avec ou sans rail, il suffit de tourner l'aiguille pour obtenir la profondeur de coupe exacte.<\/li>\n<li>Pour les coupes en biseau, le r\u00e9glage de l'angle est fix\u00e9 en deux endroits par un demi-tour d'une seule vis de blocage.<\/li>\n<\/ul>\n<p><strong>Voir en action :<\/strong><\/p>\n<div class=\"ast-oembed-container\" style=\"height: 100%;\"><iframe title=\"Mafell MT 55 : Pr\u00e4zisionss\u00e4ge\" width=\"500\" height=\"281\" src=\"https:\/\/www.youtube.com\/embed\/Czk5Bom4yFc?feature=oembed\" frameborder=\"0\" allow=\"accelerometer; autoplay; clipboard-write; encrypted-media; gyroscope; picture-in-picture; web-share\" referrerpolicy=\"strict-origin-when-cross-origin\" allowfullscreen><\/iframe><\/div>\n<div class=\"ast-oembed-container\" style=\"height: 100%;\"><iframe title=\"Mafell MT 55 : Schienens\u00e4ge\" width=\"500\" height=\"281\" src=\"https:\/\/www.youtube.com\/embed\/VbnMfMK9rrk?feature=oembed\" frameborder=\"0\" allow=\"accelerometer; autoplay; clipboard-write; encrypted-media; gyroscope; picture-in-picture; web-share\" referrerpolicy=\"strict-origin-when-cross-origin\" allowfullscreen><\/iframe><\/div>\n<div class=\"ast-oembed-container\" style=\"height: 100%;\"><iframe title=\"Mafell MT 55 : Akkus\u00e4ge\" width=\"500\" height=\"281\" src=\"https:\/\/www.youtube.com\/embed\/nNIziR5uZ8s?feature=oembed\" frameborder=\"0\" allow=\"accelerometer; autoplay; clipboard-write; encrypted-media; gyroscope; picture-in-picture; web-share\" referrerpolicy=\"strict-origin-when-cross-origin\" allowfullscreen><\/iframe><\/div>\n<div class=\"ast-oembed-container\" style=\"height: 100%;\"><iframe title=\"Mafell MT 55 : Eintauchs\u00e4ge\" width=\"500\" height=\"281\" src=\"https:\/\/www.youtube.com\/embed\/4POF1u8ksUg?feature=oembed\" frameborder=\"0\" allow=\"accelerometer; autoplay; clipboard-write; encrypted-media; gyroscope; picture-in-picture; web-share\" referrerpolicy=\"strict-origin-when-cross-origin\" allowfullscreen><\/iframe><\/div>\n<p>&nbsp;<\/p>\n<p>&nbsp;<\/p>\n<p>&nbsp;<\/p>","protected":false},"excerpt":{"rendered":"<ul>\n<li>L'id\u00e9e de d\u00e9velopper une nouvelle scie plongeante n'est pas nouvelle en soi. L'aspect nouveau de ce d\u00e9veloppement, cependant, a \u00e9t\u00e9 la cr\u00e9ation d'un produit de pr\u00e9cision unique \u00e0 partir d'un ensemble de composants de machine sp\u00e9cialement con\u00e7us.<\/li>\n<li>La scie plongeante MT 55 18M bl est un outil polyvalent. Elle peut effectuer des coupes plongeantes, des coupes de s\u00e9paration, des coupes en biseau et des coupes angulaires avec une grande pr\u00e9cision et sans d\u00e9chirure.<\/li>\n<li>La fonction d'incision est activ\u00e9e rapidement en un seul geste. La MT 55 18M bl coupe alors les bords visibles aussi proprement qu'une machine stationnaire, m\u00eame si le pare-\u00e9clats est us\u00e9.<\/li>\n<li>La plage de profondeur de coupe a \u00e9t\u00e9 \u00e9tendue \u00e0 57 mm. Gr\u00e2ce au syst\u00e8me d'inclinaison innovant, les possibilit\u00e9s de coupe en biseau sont \u00e9galement pratiquement illimit\u00e9es.<\/li>\n<\/ul>","protected":false},"featured_media":9720,"template":"","meta":{"site-sidebar-layout":"default","site-content-layout":"","ast-site-content-layout":"normal-width-container","site-content-style":"boxed","site-sidebar-style":"default","ast-global-header-display":"","ast-banner-title-visibility":"","ast-main-header-display":"","ast-hfb-above-header-display":"","ast-hfb-below-header-display":"","ast-hfb-mobile-header-display":"","site-post-title":"","ast-breadcrumbs-content":"","ast-featured-img":"","footer-sml-layout":"","ast-disable-related-posts":"","theme-transparent-header-meta":"default","adv-header-id-meta":"","stick-header-meta":"","header-above-stick-meta":"","header-main-stick-meta":"","header-below-stick-meta":"","astra-migrate-meta-layouts":"set","ast-page-background-enabled":"default","ast-page-background-meta":{"desktop":{"background-color":"","background-image":"","background-repeat":"repeat","background-position":"center center","background-size":"auto","background-attachment":"scroll","background-type":"","background-media":"","overlay-type":"","overlay-color":"","overlay-opacity":"","overlay-gradient":""},"tablet":{"background-color":"","background-image":"","background-repeat":"repeat","background-position":"center center","background-size":"auto","background-attachment":"scroll","background-type":"","background-media":"","overlay-type":"","overlay-color":"","overlay-opacity":"","overlay-gradient":""},"mobile":{"background-color":"","background-image":"","background-repeat":"repeat","background-position":"center center","background-size":"auto","background-attachment":"scroll","background-type":"","background-media":"","overlay-type":"","overlay-color":"","overlay-opacity":"","overlay-gradient":""}},"ast-content-background-meta":{"desktop":{"background-color":"var(--ast-global-color-5)","background-image":"","background-repeat":"repeat","background-position":"center center","background-size":"auto","background-attachment":"scroll","background-type":"","background-media":"","overlay-type":"","overlay-color":"","overlay-opacity":"","overlay-gradient":""},"tablet":{"background-color":"var(--ast-global-color-5)","background-image":"","background-repeat":"repeat","background-position":"center center","background-size":"auto","background-attachment":"scroll","background-type":"","background-media":"","overlay-type":"","overlay-color":"","overlay-opacity":"","overlay-gradient":""},"mobile":{"background-color":"var(--ast-global-color-5)","background-image":"","background-repeat":"repeat","background-position":"center center","background-size":"auto","background-attachment":"scroll","background-type":"","background-media":"","overlay-type":"","overlay-color":"","overlay-opacity":"","overlay-gradient":""}}},"product_brand":[],"product_cat":[305,328,105,57],"product_tag":[],"class_list":{"0":"post-9381","1":"product","2":"type-product","3":"status-publish","4":"has-post-thumbnail","6":"product_cat-mafell","7":"product_cat-sawing-mafell","8":"product_cat-application-tools","9":"product_cat-woodworking","10":"desktop-align-center","11":"tablet-align-center","12":"mobile-align-center","14":"first","15":"instock","16":"shipping-taxable","17":"product-type-simple"},"_links":{"self":[{"href":"https:\/\/jjscanada.ca\/fr\/wp-json\/wp\/v2\/product\/9381","targetHints":{"allow":["GET"]}}],"collection":[{"href":"https:\/\/jjscanada.ca\/fr\/wp-json\/wp\/v2\/product"}],"about":[{"href":"https:\/\/jjscanada.ca\/fr\/wp-json\/wp\/v2\/types\/product"}],"wp:featuredmedia":[{"embeddable":true,"href":"https:\/\/jjscanada.ca\/fr\/wp-json\/wp\/v2\/media\/9720"}],"wp:attachment":[{"href":"https:\/\/jjscanada.ca\/fr\/wp-json\/wp\/v2\/media?parent=9381"}],"wp:term":[{"taxonomy":"product_brand","embeddable":true,"href":"https:\/\/jjscanada.ca\/fr\/wp-json\/wp\/v2\/product_brand?post=9381"},{"taxonomy":"product_cat","embeddable":true,"href":"https:\/\/jjscanada.ca\/fr\/wp-json\/wp\/v2\/product_cat?post=9381"},{"taxonomy":"product_tag","embeddable":true,"href":"https:\/\/jjscanada.ca\/fr\/wp-json\/wp\/v2\/product_tag?post=9381"}],"curies":[{"name":"wp","href":"https:\/\/api.w.org\/{rel}","templated":true}]}}