{"id":9417,"date":"2024-05-14T13:59:16","date_gmt":"2024-05-14T13:59:16","guid":{"rendered":"https:\/\/jjscanada.ca\/?post_type=product&#038;p=9417"},"modified":"2024-07-18T22:02:33","modified_gmt":"2024-07-18T22:02:33","slug":"portable-circular-saw-k-55-cc","status":"publish","type":"product","link":"https:\/\/jjscanada.ca\/fr\/produit\/portable-circular-saw-k-55-cc\/","title":{"rendered":"Scie circulaire portable Mafell K 55 CC"},"content":{"rendered":"<p><strong>Num\u00e9ro de commande<\/strong>: 918023<\/p>\n<p><strong>Caract\u00e9ristiques du produit :<\/strong><\/p>\n<ul>\n<li>Profondeur de coupe jusqu'\u00e0 58 mm. (2 5\/16 In.) ;<\/li>\n<li>Rail pour sciage guid\u00e9 ;<\/li>\n<li>Avec un nouveau syst\u00e8me d'inclinaison \u00e0 45\u00b0 pour une plus grande profondeur de coupe ;<\/li>\n<li>L\u00e9ger<\/li>\n<\/ul>\n<p><strong>Sp\u00e9cification de livraison :<\/strong><\/p>\n<ul>\n<li>Lame de scie TCT : 092478 168 x 1.2\/1.8 x 20 mm. Z 24, AT, pour une utilisation universelle dans le bois ;<\/li>\n<li>Cl\u00e9 Allen 5 mm : 093034<\/li>\n<li>C\u00e2ble secteur 4 m. : 087830<\/li>\n<\/ul>\n<p><strong>Donn\u00e9es techniques :<\/strong><\/p>\n<p>Diam\u00e8tre du raccord d'extraction 35 mm<\/p>\n<table>\n<tbody>\n<tr>\n<td>Profondeur de coupe \u00e0 0<\/td>\n<td>2 - 1 \/ 4\u2033 \/ 58 mm.<\/td>\n<\/tr>\n<tr>\n<td>Profondeur de coupe \u00e0 45<\/td>\n<td>0 - 48 mm.<\/td>\n<\/tr>\n<tr>\n<td>Plage d'inclinaison<\/td>\n<td>0 - 45 \u00b0<\/td>\n<\/tr>\n<tr>\n<td>Vitesse nominale \u00e0 vide<\/td>\n<td>5700 1 \/ Min.<\/td>\n<\/tr>\n<tr>\n<td>Diam\u00e8tre du raccord d'extraction<\/td>\n<td>35 mm.<\/td>\n<\/tr>\n<tr>\n<td>Puissance nominale absorb\u00e9e<\/td>\n<td>1300 W.<\/td>\n<\/tr>\n<tr>\n<td>Poids<\/td>\n<td>4,1 Kg.<\/td>\n<\/tr>\n<tr>\n<td>Moteur universel<\/td>\n<td>120 V. \/ 60 Hz.<\/td>\n<\/tr>\n<\/tbody>\n<\/table>\n<p><strong>Applications :<\/strong><\/p>\n<ul>\n<li>Coupes transversales et coupes en long ;<\/li>\n<li>Coupe en biseau jusqu'\u00e0 45\u00b0 ;<\/li>\n<li>Coupes plongeantes ;<\/li>\n<li>Les mat\u00e9riaux compatibles sont le bois massif, les planches, les madriers et divers mat\u00e9riaux de panneau.<\/li>\n<\/ul>\n<p><strong>Avantages :<\/strong><\/p>\n<ul>\n<li>Environnement de travail sain - Gr\u00e2ce \u00e0 un lieu de travail propre et \u00e0 une vue claire de la lame de scie gr\u00e2ce \u00e0 l'aspiration optimale des poussi\u00e8res avec les aspirateurs de poussi\u00e8re Mafell.<\/li>\n<li>Le protecteur pivotant se r\u00e9tracte rapidement et facilement \u00e0 l'aide d'un levier pour plus de commodit\u00e9 et de s\u00e9curit\u00e9 lors des coupes en biseau et en plong\u00e9e.<\/li>\n<li>Des diodes \u00e9lectroluminescentes lumineuses \u00e9clairent une large zone de travail.<\/li>\n<li>Gr\u00e2ce \u00e0 la rainure dans la plaque de base, les rails de guidage disponibles en option peuvent \u00eatre utilis\u00e9s comme syst\u00e8me de tron\u00e7onnage.<\/li>\n<\/ul>","protected":false},"excerpt":{"rendered":"<ul>\n<li>Avec la K 55 cc, compacte et ultra-performante, vous pouvez r\u00e9aliser des coupes de qualit\u00e9 exceptionnelle \u00e0 des profondeurs allant jusqu'\u00e0 58 millim\u00e8tres - et ce, \u00e0 partir d'une scie circulaire portable pr\u00e9sentant le meilleur rapport poids\/puissance de sa cat\u00e9gorie.<\/li>\n<li>Il n'est plus n\u00e9cessaire de d\u00e9visser le couteau diviseur - le FLIPPKEIL vous offre une convivialit\u00e9 et une s\u00e9curit\u00e9 optimales lors de la coupe en plong\u00e9e.<\/li>\n<li>La puissance et le couple \u00e9lev\u00e9s prennent une toute nouvelle signification avec le nouveau moteur CUprex \u00e0 haut rendement. Il est dot\u00e9 d'une \u00e9lectronique num\u00e9rique aux performances optimis\u00e9es et d'une nouvelle technologie de commande.<\/li>\n<\/ul>","protected":false},"featured_media":9722,"template":"","meta":{"site-sidebar-layout":"default","site-content-layout":"","ast-site-content-layout":"normal-width-container","site-content-style":"boxed","site-sidebar-style":"default","ast-global-header-display":"","ast-banner-title-visibility":"","ast-main-header-display":"","ast-hfb-above-header-display":"","ast-hfb-below-header-display":"","ast-hfb-mobile-header-display":"","site-post-title":"","ast-breadcrumbs-content":"","ast-featured-img":"","footer-sml-layout":"","ast-disable-related-posts":"","theme-transparent-header-meta":"default","adv-header-id-meta":"","stick-header-meta":"","header-above-stick-meta":"","header-main-stick-meta":"","header-below-stick-meta":"","astra-migrate-meta-layouts":"set","ast-page-background-enabled":"default","ast-page-background-meta":{"desktop":{"background-color":"","background-image":"","background-repeat":"repeat","background-position":"center center","background-size":"auto","background-attachment":"scroll","background-type":"","background-media":"","overlay-type":"","overlay-color":"","overlay-opacity":"","overlay-gradient":""},"tablet":{"background-color":"","background-image":"","background-repeat":"repeat","background-position":"center center","background-size":"auto","background-attachment":"scroll","background-type":"","background-media":"","overlay-type":"","overlay-color":"","overlay-opacity":"","overlay-gradient":""},"mobile":{"background-color":"","background-image":"","background-repeat":"repeat","background-position":"center center","background-size":"auto","background-attachment":"scroll","background-type":"","background-media":"","overlay-type":"","overlay-color":"","overlay-opacity":"","overlay-gradient":""}},"ast-content-background-meta":{"desktop":{"background-color":"var(--ast-global-color-5)","background-image":"","background-repeat":"repeat","background-position":"center center","background-size":"auto","background-attachment":"scroll","background-type":"","background-media":"","overlay-type":"","overlay-color":"","overlay-opacity":"","overlay-gradient":""},"tablet":{"background-color":"var(--ast-global-color-5)","background-image":"","background-repeat":"repeat","background-position":"center center","background-size":"auto","background-attachment":"scroll","background-type":"","background-media":"","overlay-type":"","overlay-color":"","overlay-opacity":"","overlay-gradient":""},"mobile":{"background-color":"var(--ast-global-color-5)","background-image":"","background-repeat":"repeat","background-position":"center center","background-size":"auto","background-attachment":"scroll","background-type":"","background-media":"","overlay-type":"","overlay-color":"","overlay-opacity":"","overlay-gradient":""}}},"product_brand":[],"product_cat":[305,328,105,57],"product_tag":[],"class_list":{"0":"post-9417","1":"product","2":"type-product","3":"status-publish","4":"has-post-thumbnail","6":"product_cat-mafell","7":"product_cat-sawing-mafell","8":"product_cat-application-tools","9":"product_cat-woodworking","10":"desktop-align-center","11":"tablet-align-center","12":"mobile-align-center","14":"first","15":"instock","16":"shipping-taxable","17":"product-type-simple"},"_links":{"self":[{"href":"https:\/\/jjscanada.ca\/fr\/wp-json\/wp\/v2\/product\/9417","targetHints":{"allow":["GET"]}}],"collection":[{"href":"https:\/\/jjscanada.ca\/fr\/wp-json\/wp\/v2\/product"}],"about":[{"href":"https:\/\/jjscanada.ca\/fr\/wp-json\/wp\/v2\/types\/product"}],"wp:featuredmedia":[{"embeddable":true,"href":"https:\/\/jjscanada.ca\/fr\/wp-json\/wp\/v2\/media\/9722"}],"wp:attachment":[{"href":"https:\/\/jjscanada.ca\/fr\/wp-json\/wp\/v2\/media?parent=9417"}],"wp:term":[{"taxonomy":"product_brand","embeddable":true,"href":"https:\/\/jjscanada.ca\/fr\/wp-json\/wp\/v2\/product_brand?post=9417"},{"taxonomy":"product_cat","embeddable":true,"href":"https:\/\/jjscanada.ca\/fr\/wp-json\/wp\/v2\/product_cat?post=9417"},{"taxonomy":"product_tag","embeddable":true,"href":"https:\/\/jjscanada.ca\/fr\/wp-json\/wp\/v2\/product_tag?post=9417"}],"curies":[{"name":"wp","href":"https:\/\/api.w.org\/{rel}","templated":true}]}}