{"id":9460,"date":"2024-05-15T14:51:51","date_gmt":"2024-05-15T14:51:51","guid":{"rendered":"https:\/\/jjscanada.ca\/?post_type=product&#038;p=9460"},"modified":"2024-07-18T22:30:35","modified_gmt":"2024-07-18T22:30:35","slug":"cross-cutting-system-kss-300","status":"publish","type":"product","link":"https:\/\/jjscanada.ca\/fr\/produit\/cross-cutting-system-kss-300\/","title":{"rendered":"Syst\u00e8me de tron\u00e7onnage Mafell KSS 300"},"content":{"rendered":"<p><strong class=\"entry--label\">Num\u00e9ro de commande :<\/strong>\u00a0<span class=\"entry--content\">916733<\/span><\/p>\n<p><strong>Caract\u00e9ristiques du produit : <\/strong><\/p>\n<ul>\n<li>Conception extr\u00eamement compacte et pratique ;<\/li>\n<li>Id\u00e9al pour scier des panneaux ;<\/li>\n<li>Coupes en biseau et en onglet - Rapide et facile.<\/li>\n<\/ul>\n<p><strong class=\"entry--label\">Sp\u00e9cification de livraison :<\/strong><\/p>\n<ul>\n<li style=\"list-style-type: none;\">\n<ul>\n<li>Flexi-Guide Rail FX 140 : 204372 1,4 m. Avec pare-\u00e9clats (MaxiMAX) ;<\/li>\n<li>Griffes de serrage (MaxiMAX) : 203773<\/li>\n<li>Lame de scie TCT : 092559 120 x 1,2\/1,8 x 20 mm, TT, 40 dents (pour les coupes fines dans le bois) ;<\/li>\n<li>Rail de guidage S, longueur de coupe 292 mm : 208169 ;<\/li>\n<li>Guide parall\u00e8le : 203180 ;<\/li>\n<li>Connecteur de tuyau : 203782 ;<\/li>\n<li>Cl\u00e9 Allen 4 mm : 093074<\/li>\n<li>C\u00e2ble secteur 4 m. : 087830<\/li>\n<\/ul>\n<\/li>\n<\/ul>\n<p><strong>Donn\u00e9es techniques :<\/strong><\/p>\n<p>Moteur universel 120 V \/ 60 Hz<\/p>\n<table>\n<tbody>\n<tr>\n<td>Profondeur de coupe \u00e0 0\u00b0 avec rail de guidage<\/td>\n<td>1 - 9 \/ 16\u2033 \/ 40 mm.<\/td>\n<\/tr>\n<tr>\n<td>Profondeur de coupe \u00e0 45\u00b0 avec rail de guidage<\/td>\n<td>27 mm.<\/td>\n<\/tr>\n<tr>\n<td>Profondeur de coupe \u00e0 0 \u00b0 sans rail de guidage<\/td>\n<td>42 mm.<\/td>\n<\/tr>\n<tr>\n<td>Plage d'inclinaison<\/td>\n<td>0 - 45 \u00b0<\/td>\n<\/tr>\n<tr>\n<td>Longueur de coupe<\/td>\n<td>300 mm.<\/td>\n<\/tr>\n<tr>\n<td>Coupes d'angle<\/td>\n<td>-45\u00b0 - + 60 \u00b0<\/td>\n<\/tr>\n<tr>\n<td>Vitesse nominale \u00e0 vide<\/td>\n<td>8800 1 \/ Min.<\/td>\n<\/tr>\n<tr>\n<td>Puissance nominale absorb\u00e9e<\/td>\n<td>900 W.<\/td>\n<\/tr>\n<tr>\n<td>Poids avec rail de guidage<\/td>\n<td>3,0 Kg.<\/td>\n<\/tr>\n<tr>\n<td>Moteur universel<\/td>\n<td>120 V \/ 60 Hz.<\/td>\n<\/tr>\n<\/tbody>\n<\/table>\n<p><strong>Applications :<\/strong><\/p>\n<ul>\n<li>Coupes transversales avec guide ;<\/li>\n<li>Coupes en long et coupes transversales ;<\/li>\n<li>Coupes plongeantes, \u00e9videments et d\u00e9coupes de joints d'ombre de 13 mm. (1\/2 In.) ;<\/li>\n<li>Les mat\u00e9riaux compatibles sont les panneaux, les portes, les plans de travail, les parquets et les sols stratifi\u00e9s, les rev\u00eatements.<\/li>\n<\/ul>\n<p><strong>Avantages :<\/strong><\/p>\n<ul>\n<li>Le point de pivot du KSS 300 est situ\u00e9 sur le c\u00f4t\u00e9, sur le bord inf\u00e9rieur du rail. Cela pr\u00e9sente l'avantage de ne n\u00e9cessiter qu'un seul pointeur de tra\u00e7age pour tous les angles - avec ou sans rail.<\/li>\n<li>Permet de d\u00e9tacher la machine du rail en une seule action rapide. La scie peut alors \u00eatre utilis\u00e9e comme une unit\u00e9 circulaire portable s\u00e9par\u00e9e avec toutes les fonctionnalit\u00e9s de la s\u00e9rie KSP de Mafell.<\/li>\n<li>La but\u00e9e intelligente et le guide r\u00e9glable avec des incr\u00e9ments \u00e0 grande \u00e9chelle pour des r\u00e9glages d'angle exacts facilitent des coupes d'onglet tr\u00e8s pr\u00e9cises et coh\u00e9rentes.<\/li>\n<\/ul>\n<p><strong>Voir en action :<\/strong><\/p>\n<div class=\"ast-oembed-container\" style=\"height: 100%;\"><iframe title=\"Syst\u00e8me de coupe transversale MAFELL KSS 300\" width=\"500\" height=\"281\" src=\"https:\/\/www.youtube.com\/embed\/zra1fiwcbdc?feature=oembed\" frameborder=\"0\" allow=\"accelerometer; autoplay; clipboard-write; encrypted-media; gyroscope; picture-in-picture; web-share\" referrerpolicy=\"strict-origin-when-cross-origin\" allowfullscreen><\/iframe><\/div>","protected":false},"excerpt":{"rendered":"<ul>\n<li>Dans le domaine de la finition int\u00e9rieure, une chose est primordiale : la pr\u00e9cision. Le syst\u00e8me de tron\u00e7onnage KSS 300, con\u00e7u pour une manipulation optimale, se concentre donc sur toutes les fonctions cl\u00e9s de ce type de travail.<\/li>\n<li>La fixation de la scie circulaire portative au rail KSS cr\u00e9e un syst\u00e8me de tron\u00e7onnage \u00e0 une main tr\u00e8s pratique pour les coupes en biseau et en onglet ; une fois la coupe ex\u00e9cut\u00e9e, la scie revient automatiquement \u00e0 la position de d\u00e9part.<\/li>\n<li>Avec une profondeur de coupe maximale de 42 mm, la scie circulaire portative offre une grande puissance dans toutes les situations. Gr\u00e2ce \u00e0 ses composants en magn\u00e9sium moul\u00e9 sous pression, cette scie particuli\u00e8rement soign\u00e9e et l\u00e9g\u00e8re ne p\u00e8se que 2,4 kg.<\/li>\n<li>L'ensemble du syst\u00e8me de sciage compact est log\u00e9 dans la mallette de transport T-MAX - c'est l'outil id\u00e9al pour les joints creux, les coupes en long, en biseau, en plong\u00e9e et en angle, ainsi que pour le travail \u00e0 main lev\u00e9e.<\/li>\n<\/ul>","protected":false},"featured_media":9718,"template":"","meta":{"site-sidebar-layout":"default","site-content-layout":"","ast-site-content-layout":"normal-width-container","site-content-style":"boxed","site-sidebar-style":"default","ast-global-header-display":"","ast-banner-title-visibility":"","ast-main-header-display":"","ast-hfb-above-header-display":"","ast-hfb-below-header-display":"","ast-hfb-mobile-header-display":"","site-post-title":"","ast-breadcrumbs-content":"","ast-featured-img":"","footer-sml-layout":"","ast-disable-related-posts":"","theme-transparent-header-meta":"default","adv-header-id-meta":"","stick-header-meta":"","header-above-stick-meta":"","header-main-stick-meta":"","header-below-stick-meta":"","astra-migrate-meta-layouts":"set","ast-page-background-enabled":"default","ast-page-background-meta":{"desktop":{"background-color":"","background-image":"","background-repeat":"repeat","background-position":"center center","background-size":"auto","background-attachment":"scroll","background-type":"","background-media":"","overlay-type":"","overlay-color":"","overlay-opacity":"","overlay-gradient":""},"tablet":{"background-color":"","background-image":"","background-repeat":"repeat","background-position":"center center","background-size":"auto","background-attachment":"scroll","background-type":"","background-media":"","overlay-type":"","overlay-color":"","overlay-opacity":"","overlay-gradient":""},"mobile":{"background-color":"","background-image":"","background-repeat":"repeat","background-position":"center center","background-size":"auto","background-attachment":"scroll","background-type":"","background-media":"","overlay-type":"","overlay-color":"","overlay-opacity":"","overlay-gradient":""}},"ast-content-background-meta":{"desktop":{"background-color":"var(--ast-global-color-5)","background-image":"","background-repeat":"repeat","background-position":"center center","background-size":"auto","background-attachment":"scroll","background-type":"","background-media":"","overlay-type":"","overlay-color":"","overlay-opacity":"","overlay-gradient":""},"tablet":{"background-color":"var(--ast-global-color-5)","background-image":"","background-repeat":"repeat","background-position":"center center","background-size":"auto","background-attachment":"scroll","background-type":"","background-media":"","overlay-type":"","overlay-color":"","overlay-opacity":"","overlay-gradient":""},"mobile":{"background-color":"var(--ast-global-color-5)","background-image":"","background-repeat":"repeat","background-position":"center center","background-size":"auto","background-attachment":"scroll","background-type":"","background-media":"","overlay-type":"","overlay-color":"","overlay-opacity":"","overlay-gradient":""}}},"product_brand":[],"product_cat":[305,328,105,57],"product_tag":[],"class_list":{"0":"post-9460","1":"product","2":"type-product","3":"status-publish","4":"has-post-thumbnail","6":"product_cat-mafell","7":"product_cat-sawing-mafell","8":"product_cat-application-tools","9":"product_cat-woodworking","10":"desktop-align-center","11":"tablet-align-center","12":"mobile-align-center","14":"first","15":"instock","16":"shipping-taxable","17":"product-type-simple"},"_links":{"self":[{"href":"https:\/\/jjscanada.ca\/fr\/wp-json\/wp\/v2\/product\/9460","targetHints":{"allow":["GET"]}}],"collection":[{"href":"https:\/\/jjscanada.ca\/fr\/wp-json\/wp\/v2\/product"}],"about":[{"href":"https:\/\/jjscanada.ca\/fr\/wp-json\/wp\/v2\/types\/product"}],"wp:featuredmedia":[{"embeddable":true,"href":"https:\/\/jjscanada.ca\/fr\/wp-json\/wp\/v2\/media\/9718"}],"wp:attachment":[{"href":"https:\/\/jjscanada.ca\/fr\/wp-json\/wp\/v2\/media?parent=9460"}],"wp:term":[{"taxonomy":"product_brand","embeddable":true,"href":"https:\/\/jjscanada.ca\/fr\/wp-json\/wp\/v2\/product_brand?post=9460"},{"taxonomy":"product_cat","embeddable":true,"href":"https:\/\/jjscanada.ca\/fr\/wp-json\/wp\/v2\/product_cat?post=9460"},{"taxonomy":"product_tag","embeddable":true,"href":"https:\/\/jjscanada.ca\/fr\/wp-json\/wp\/v2\/product_tag?post=9460"}],"curies":[{"name":"wp","href":"https:\/\/api.w.org\/{rel}","templated":true}]}}