{"id":9466,"date":"2024-05-15T14:56:04","date_gmt":"2024-05-15T14:56:04","guid":{"rendered":"https:\/\/jjscanada.ca\/?post_type=product&#038;p=9466"},"modified":"2024-07-18T22:38:29","modified_gmt":"2024-07-18T22:38:29","slug":"cordless-cross-cutting-system-kss-40-18m","status":"publish","type":"product","link":"https:\/\/jjscanada.ca\/fr\/produit\/cordless-cross-cutting-system-kss-40-18m\/","title":{"rendered":"Syst\u00e8me de tron\u00e7onnage sans fil Mafell KSS 40 18M bl"},"content":{"rendered":"<p><strong class=\"entry--label\">Num\u00e9ro de commande :<\/strong>\u00a0<span class=\"entry--content\">91B323<\/span><\/p>\n<p><strong>Caract\u00e9ristiques du produit : <\/strong><\/p>\n<ul>\n<li>Technologie moderne de batterie 18 V ;<\/li>\n<li>Conception extr\u00eamement compacte et pratique ;<\/li>\n<li>Coupes en biseau et en onglet - Rapide et facile.<\/li>\n<\/ul>\n<p><strong class=\"entry--label\">Sp\u00e9cification de livraison :<\/strong><\/p>\n<ul>\n<li style=\"list-style-type: none;\">\n<ul>\n<li>Rail Flexi-Guide FX 140 : (91B301) 204372 1,4 m. Avec pare-\u00e9clats ;<\/li>\n<li>Griffes de serrage (91B301) : 203773 ;<\/li>\n<li>Lame de scie TCT : 092558 120 x 1,2 \/ 1,8 x 20 mm, Z 24, AT, (pour les coupes fines dans le bois) ;<\/li>\n<li>Rail de guidage S, longueur de coupe max. Longueur de coupe 292 mm : 208169 ;<\/li>\n<li>Guide parall\u00e8le : 203180 ;<\/li>\n<li>Connecteur de tuyau : 203782 ;<\/li>\n<li>Batterie PowerTank 18 M. 99 (91B301) : 094503 ;<\/li>\n<li>Batterie PowerStation APS M (91B301) : 095220 ;<\/li>\n<li>Sac \u00e0 poussi\u00e8re : 206787.<\/li>\n<\/ul>\n<\/li>\n<\/ul>\n<p><strong>Donn\u00e9es techniques :<\/strong><\/p>\n<table>\n<tbody>\n<tr>\n<td>Profondeur de coupe \u00e0 0\u00b0 avec rail de guidage<\/td>\n<td>1 - 9 - 16\u2033 \/ 40 mm.<\/td>\n<\/tr>\n<tr>\n<td>Profondeur de coupe 45\u00b0 avec rail de guidage<\/td>\n<td>27 mm.<\/td>\n<\/tr>\n<tr>\n<td>Profondeur de coupe \u00e0 0 \u00b0 sans rail de guidage<\/td>\n<td>42 mm.<\/td>\n<\/tr>\n<tr>\n<td>Plage d'inclinaison<\/td>\n<td>0 - 45 \u00b0<\/td>\n<\/tr>\n<tr>\n<td>Longueur de coupe<\/td>\n<td>300 mm.<\/td>\n<\/tr>\n<tr>\n<td>Coupes d'angle<\/td>\n<td>- 45 - + 60\u00b0<\/td>\n<\/tr>\n<tr>\n<td>Vitesse nominale \u00e0 vide<\/td>\n<td>6700 1 \/ Min.<\/td>\n<\/tr>\n<tr>\n<td>Poids avec rail de guidage<\/td>\n<td>3,55 Kg.<\/td>\n<\/tr>\n<tr>\n<td>Batterie<\/td>\n<td>18 V, 99 Wh, LiHD<\/td>\n<\/tr>\n<\/tbody>\n<\/table>\n<p><strong>Applications :<\/strong><\/p>\n<ul>\n<li>Coupes transversales avec guide ;<\/li>\n<li>Coupes en long et coupes transversales ;<\/li>\n<li>Coupes plongeantes, \u00e9videments et coupes d'ombre \u00e0 partir de 13 mm. (1\/2 In.) ;<\/li>\n<li>Les mat\u00e9riaux compatibles sont les panneaux, les portes, les plans de travail, les parquets et les sols stratifi\u00e9s, le bois massif.<\/li>\n<\/ul>\n<p><strong>Avantages :<\/strong><\/p>\n<ul>\n<li>Le nouveau moteur compact sans balais est extr\u00eamement durable, efficace et sans entretien.<\/li>\n<li>Le syst\u00e8me de fixation rapide permet de d\u00e9tacher la machine du rail en un seul geste. La scie peut alors \u00eatre utilis\u00e9e comme une unit\u00e9 circulaire portable s\u00e9par\u00e9e avec toutes les fonctionnalit\u00e9s de la s\u00e9rie K de Mafell.<\/li>\n<li>Avec une profondeur de coupe de 40 mm sur le rail, il est possible de r\u00e9aliser pratiquement tous les travaux de sciage lors du montage sur site - et ce, dans le respect des normes de qualit\u00e9 irr\u00e9prochables de Mafell.<\/li>\n<li>Une but\u00e9e est fixe tandis que l'autre peut \u00eatre r\u00e9gl\u00e9e avec pr\u00e9cision gr\u00e2ce aux grandes graduations - Pour des coupes d'angle pr\u00e9cises.<\/li>\n<\/ul>\n<p><strong>Voir en action :<\/strong><\/p>\n<div class=\"ast-oembed-container\" style=\"height: 100%;\"><iframe title=\"Kappschienen-S\u00e4ge KSS 40 18M bl\" width=\"500\" height=\"281\" src=\"https:\/\/www.youtube.com\/embed\/bpmzNMH0mu8?feature=oembed\" frameborder=\"0\" allow=\"accelerometer; autoplay; clipboard-write; encrypted-media; gyroscope; picture-in-picture; web-share\" referrerpolicy=\"strict-origin-when-cross-origin\" allowfullscreen><\/iframe><\/div>","protected":false},"excerpt":{"rendered":"<ul>\n<li>Nous n'avons pas r\u00e9invent\u00e9 le tron\u00e7onnage - mais nous l'avons rendu plus facile et plus portable. Et avec la nouvelle KSS 40 18M bl, nous avons m\u00eame ajout\u00e9 une batterie : une batterie qui tient ses promesses - une technologie de batterie innovante pour des performances maximales.<\/li>\n<li>Pour les travaux de finition int\u00e9rieure, il n'y a pas de meilleure aide que la KSS 40 18M bl, quelle que soit la t\u00e2che \u00e0 accomplir : que ce soit pour les sols, les murs, les portes, les meubles, les plafonds ou les lattes de toit - pour r\u00e9aliser des coupes transversales ou longitudinales, des coupes guid\u00e9es par rail, des coupes d'onglet ou d'onglet compos\u00e9 \u00e0 des angles allant jusqu'\u00e0 45\u00b0, ou m\u00eame des coupes plongeantes.<\/li>\n<li>S'appuyant sur 25 ans d'exp\u00e9rience, il fait passer la technologie des syst\u00e8mes transversaux \u00e0 un niveau de d\u00e9veloppement sup\u00e9rieur gr\u00e2ce \u00e0 l'ajout d'une technologie de pointe en mati\u00e8re de batteries.<\/li>\n<\/ul>","protected":false},"featured_media":9719,"template":"","meta":{"site-sidebar-layout":"default","site-content-layout":"","ast-site-content-layout":"normal-width-container","site-content-style":"boxed","site-sidebar-style":"default","ast-global-header-display":"","ast-banner-title-visibility":"","ast-main-header-display":"","ast-hfb-above-header-display":"","ast-hfb-below-header-display":"","ast-hfb-mobile-header-display":"","site-post-title":"","ast-breadcrumbs-content":"","ast-featured-img":"","footer-sml-layout":"","ast-disable-related-posts":"","theme-transparent-header-meta":"default","adv-header-id-meta":"","stick-header-meta":"","header-above-stick-meta":"","header-main-stick-meta":"","header-below-stick-meta":"","astra-migrate-meta-layouts":"set","ast-page-background-enabled":"default","ast-page-background-meta":{"desktop":{"background-color":"","background-image":"","background-repeat":"repeat","background-position":"center center","background-size":"auto","background-attachment":"scroll","background-type":"","background-media":"","overlay-type":"","overlay-color":"","overlay-opacity":"","overlay-gradient":""},"tablet":{"background-color":"","background-image":"","background-repeat":"repeat","background-position":"center center","background-size":"auto","background-attachment":"scroll","background-type":"","background-media":"","overlay-type":"","overlay-color":"","overlay-opacity":"","overlay-gradient":""},"mobile":{"background-color":"","background-image":"","background-repeat":"repeat","background-position":"center center","background-size":"auto","background-attachment":"scroll","background-type":"","background-media":"","overlay-type":"","overlay-color":"","overlay-opacity":"","overlay-gradient":""}},"ast-content-background-meta":{"desktop":{"background-color":"var(--ast-global-color-5)","background-image":"","background-repeat":"repeat","background-position":"center center","background-size":"auto","background-attachment":"scroll","background-type":"","background-media":"","overlay-type":"","overlay-color":"","overlay-opacity":"","overlay-gradient":""},"tablet":{"background-color":"var(--ast-global-color-5)","background-image":"","background-repeat":"repeat","background-position":"center center","background-size":"auto","background-attachment":"scroll","background-type":"","background-media":"","overlay-type":"","overlay-color":"","overlay-opacity":"","overlay-gradient":""},"mobile":{"background-color":"var(--ast-global-color-5)","background-image":"","background-repeat":"repeat","background-position":"center center","background-size":"auto","background-attachment":"scroll","background-type":"","background-media":"","overlay-type":"","overlay-color":"","overlay-opacity":"","overlay-gradient":""}}},"product_brand":[],"product_cat":[305,328,105,57],"product_tag":[],"class_list":{"0":"post-9466","1":"product","2":"type-product","3":"status-publish","4":"has-post-thumbnail","6":"product_cat-mafell","7":"product_cat-sawing-mafell","8":"product_cat-application-tools","9":"product_cat-woodworking","10":"desktop-align-center","11":"tablet-align-center","12":"mobile-align-center","14":"first","15":"instock","16":"shipping-taxable","17":"product-type-simple"},"_links":{"self":[{"href":"https:\/\/jjscanada.ca\/fr\/wp-json\/wp\/v2\/product\/9466","targetHints":{"allow":["GET"]}}],"collection":[{"href":"https:\/\/jjscanada.ca\/fr\/wp-json\/wp\/v2\/product"}],"about":[{"href":"https:\/\/jjscanada.ca\/fr\/wp-json\/wp\/v2\/types\/product"}],"wp:featuredmedia":[{"embeddable":true,"href":"https:\/\/jjscanada.ca\/fr\/wp-json\/wp\/v2\/media\/9719"}],"wp:attachment":[{"href":"https:\/\/jjscanada.ca\/fr\/wp-json\/wp\/v2\/media?parent=9466"}],"wp:term":[{"taxonomy":"product_brand","embeddable":true,"href":"https:\/\/jjscanada.ca\/fr\/wp-json\/wp\/v2\/product_brand?post=9466"},{"taxonomy":"product_cat","embeddable":true,"href":"https:\/\/jjscanada.ca\/fr\/wp-json\/wp\/v2\/product_cat?post=9466"},{"taxonomy":"product_tag","embeddable":true,"href":"https:\/\/jjscanada.ca\/fr\/wp-json\/wp\/v2\/product_tag?post=9466"}],"curies":[{"name":"wp","href":"https:\/\/api.w.org\/{rel}","templated":true}]}}