{"id":9504,"date":"2024-05-23T14:19:59","date_gmt":"2024-05-23T14:19:59","guid":{"rendered":"https:\/\/jjscanada.ca\/?post_type=product&#038;p=9504"},"modified":"2024-07-19T17:03:25","modified_gmt":"2024-07-19T17:03:25","slug":"cordless-portable-circular-saw-k-91b723","status":"publish","type":"product","link":"https:\/\/jjscanada.ca\/fr\/produit\/cordless-portable-circular-saw-k-91b723\/","title":{"rendered":"Scie circulaire portative sans fil Mafell K 65 18M"},"content":{"rendered":"<p><strong class=\"entry--label\">Num\u00e9ro de commande :<\/strong> 91B723<\/p>\n<p><strong>Caract\u00e9ristiques du produit :<\/strong><\/p>\n<ul>\n<li>Syst\u00e8me de coupe plongeante avec FLIPPKEIL ;<\/li>\n<li>Avec un nouveau syst\u00e8me d'inclinaison \u00e0 45\u00b0 pour une plus grande profondeur de coupe ;<\/li>\n<li>Affichage constant de la coupe ;<\/li>\n<li>Portable 18 V. Technologie LiHD CAS.<\/li>\n<\/ul>\n<p><strong class=\"entry--label\">Sp\u00e9cification de livraison :<\/strong><\/p>\n<ul>\n<li>Lame de scie TCT : 092493 185 x 1.4 \/ 2.4 x 20 mm, 16 dents, AT, batterie Id\u00e9al pour une utilisation universelle dans le bois ;<\/li>\n<li>Batterie-PowerTank 18 M 99 (Seulement 91B701) 094503 18 V, 99 Wh, LiHD ;<\/li>\n<li>Batterie-PowerStation APS M (uniquement 91B701) 095220<\/li>\n<li>Guide parall\u00e8le<\/li>\n<li>Cl\u00e9 Allen 5 mm : 093034<\/li>\n<li>Sac \u00e0 poussi\u00e8re : 206921<\/li>\n<\/ul>\n<p><strong>Donn\u00e9es techniques :<\/strong><\/p>\n<table>\n<tbody>\n<tr>\n<td>Profondeur de coupe<\/td>\n<td>2 - 8 \/ 8\u2033 \/ 57 mm.<\/td>\n<\/tr>\n<tr>\n<td>Profondeur de coupe \u00e0 45<\/td>\n<td>0 - 53 mm.<\/td>\n<\/tr>\n<tr>\n<td>Plage d'inclinaison<\/td>\n<td>0 - 45 \u00b0<\/td>\n<\/tr>\n<tr>\n<td>Entr\u00e9e nominale<\/td>\n<td>1800 W.<\/td>\n<\/tr>\n<tr>\n<td>Poids<\/td>\n<td>4,7 Kg.<\/td>\n<\/tr>\n<tr>\n<td>Batterie<\/td>\n<td>18 V, 99 Wh, LiHD<\/td>\n<\/tr>\n<tr>\n<td>Diam\u00e8tre du raccord d'extraction<\/td>\n<td>35 mm.<\/td>\n<\/tr>\n<\/tbody>\n<\/table>\n<p><strong>Applications :<\/strong><\/p>\n<ul>\n<li>Coupe transversale et coupe en long ;<\/li>\n<li>Coupe en biseau \/ coupe d'onglet compos\u00e9e jusqu'\u00e0 45\u00b0 ;<\/li>\n<li>Coupes \u00e0 la vol\u00e9e ;<\/li>\n<li>Coupes plongeantes ;<\/li>\n<li>Chanfreins et rainures ;<\/li>\n<li>Les mat\u00e9riaux compatibles sont le bois massif, les panneaux, les mat\u00e9riaux isolants, les portes, les plans de travail et les mat\u00e9riaux de finition et de r\u00e9novation int\u00e9rieure.<\/li>\n<\/ul>\n<p><strong>Avantages :<\/strong><\/p>\n<ul>\n<li>Environnement de travail sain - gr\u00e2ce \u00e0 un lieu de travail propre et \u00e0 une vision claire de la lame de scie gr\u00e2ce \u00e0 une extraction optimale de la poussi\u00e8re avec les aspirateurs de poussi\u00e8re Mafell ;<\/li>\n<li>Le protecteur pivotant se r\u00e9tracte rapidement et facilement \u00e0 l'aide d'un levier pour plus de commodit\u00e9 et de s\u00e9curit\u00e9 lors des coupes en biseau et en plong\u00e9e ;<\/li>\n<li>Des diodes \u00e9lectroluminescentes lumineuses \u00e9clairent une large zone de travail ;<\/li>\n<li>Gr\u00e2ce \u00e0 la rainure dans la plaque de base, les rails de guidage disponibles en option peuvent \u00eatre utilis\u00e9s comme syst\u00e8me de tron\u00e7onnage.<\/li>\n<\/ul>","protected":false},"excerpt":{"rendered":"<ul>\n<li>Avec la K 65 cc, compacte et ultra performante, vous pouvez r\u00e9aliser des coupes de qualit\u00e9 exceptionnelle \u00e0 des profondeurs allant jusqu'\u00e0 67 millim\u00e8tres - et ce, \u00e0 partir d'une scie circulaire portative pr\u00e9sentant le meilleur rapport poids\/puissance de sa cat\u00e9gorie. Elle offre tous les avantages de poids et de maniabilit\u00e9 d'une machine de la s\u00e9rie 55 avec la profondeur de coupe d'un mod\u00e8le de 65 mm.<\/li>\n<li>Il n'est plus n\u00e9cessaire de d\u00e9visser le couteau diviseur - Le FLIPPKEIL vous offre une convivialit\u00e9 et une s\u00e9curit\u00e9 optimales lors de la coupe en plong\u00e9e.<\/li>\n<\/ul>","protected":false},"featured_media":10844,"template":"","meta":{"site-sidebar-layout":"default","site-content-layout":"","ast-site-content-layout":"normal-width-container","site-content-style":"boxed","site-sidebar-style":"default","ast-global-header-display":"","ast-banner-title-visibility":"","ast-main-header-display":"","ast-hfb-above-header-display":"","ast-hfb-below-header-display":"","ast-hfb-mobile-header-display":"","site-post-title":"","ast-breadcrumbs-content":"","ast-featured-img":"","footer-sml-layout":"","ast-disable-related-posts":"","theme-transparent-header-meta":"default","adv-header-id-meta":"","stick-header-meta":"","header-above-stick-meta":"","header-main-stick-meta":"","header-below-stick-meta":"","astra-migrate-meta-layouts":"set","ast-page-background-enabled":"default","ast-page-background-meta":{"desktop":{"background-color":"","background-image":"","background-repeat":"repeat","background-position":"center center","background-size":"auto","background-attachment":"scroll","background-type":"","background-media":"","overlay-type":"","overlay-color":"","overlay-opacity":"","overlay-gradient":""},"tablet":{"background-color":"","background-image":"","background-repeat":"repeat","background-position":"center center","background-size":"auto","background-attachment":"scroll","background-type":"","background-media":"","overlay-type":"","overlay-color":"","overlay-opacity":"","overlay-gradient":""},"mobile":{"background-color":"","background-image":"","background-repeat":"repeat","background-position":"center center","background-size":"auto","background-attachment":"scroll","background-type":"","background-media":"","overlay-type":"","overlay-color":"","overlay-opacity":"","overlay-gradient":""}},"ast-content-background-meta":{"desktop":{"background-color":"var(--ast-global-color-5)","background-image":"","background-repeat":"repeat","background-position":"center center","background-size":"auto","background-attachment":"scroll","background-type":"","background-media":"","overlay-type":"","overlay-color":"","overlay-opacity":"","overlay-gradient":""},"tablet":{"background-color":"var(--ast-global-color-5)","background-image":"","background-repeat":"repeat","background-position":"center center","background-size":"auto","background-attachment":"scroll","background-type":"","background-media":"","overlay-type":"","overlay-color":"","overlay-opacity":"","overlay-gradient":""},"mobile":{"background-color":"var(--ast-global-color-5)","background-image":"","background-repeat":"repeat","background-position":"center center","background-size":"auto","background-attachment":"scroll","background-type":"","background-media":"","overlay-type":"","overlay-color":"","overlay-opacity":"","overlay-gradient":""}}},"product_brand":[],"product_cat":[305,328,105,57],"product_tag":[],"class_list":{"0":"post-9504","1":"product","2":"type-product","3":"status-publish","4":"has-post-thumbnail","6":"product_cat-mafell","7":"product_cat-sawing-mafell","8":"product_cat-application-tools","9":"product_cat-woodworking","10":"desktop-align-center","11":"tablet-align-center","12":"mobile-align-center","14":"first","15":"instock","16":"shipping-taxable","17":"product-type-simple"},"_links":{"self":[{"href":"https:\/\/jjscanada.ca\/fr\/wp-json\/wp\/v2\/product\/9504","targetHints":{"allow":["GET"]}}],"collection":[{"href":"https:\/\/jjscanada.ca\/fr\/wp-json\/wp\/v2\/product"}],"about":[{"href":"https:\/\/jjscanada.ca\/fr\/wp-json\/wp\/v2\/types\/product"}],"wp:featuredmedia":[{"embeddable":true,"href":"https:\/\/jjscanada.ca\/fr\/wp-json\/wp\/v2\/media\/10844"}],"wp:attachment":[{"href":"https:\/\/jjscanada.ca\/fr\/wp-json\/wp\/v2\/media?parent=9504"}],"wp:term":[{"taxonomy":"product_brand","embeddable":true,"href":"https:\/\/jjscanada.ca\/fr\/wp-json\/wp\/v2\/product_brand?post=9504"},{"taxonomy":"product_cat","embeddable":true,"href":"https:\/\/jjscanada.ca\/fr\/wp-json\/wp\/v2\/product_cat?post=9504"},{"taxonomy":"product_tag","embeddable":true,"href":"https:\/\/jjscanada.ca\/fr\/wp-json\/wp\/v2\/product_tag?post=9504"}],"curies":[{"name":"wp","href":"https:\/\/api.w.org\/{rel}","templated":true}]}}