{"id":9510,"date":"2024-05-23T14:23:42","date_gmt":"2024-05-23T14:23:42","guid":{"rendered":"https:\/\/jjscanada.ca\/?post_type=product&#038;p=9510"},"modified":"2024-07-19T17:13:50","modified_gmt":"2024-07-19T17:13:50","slug":"portable-circular-saw-k-85-ec","status":"publish","type":"product","link":"https:\/\/jjscanada.ca\/fr\/produit\/portable-circular-saw-k-85-ec\/","title":{"rendered":"Scie circulaire portable Mafell K 85 EC"},"content":{"rendered":"<p><strong class=\"entry--label\">Num\u00e9ro de commande :<\/strong>\u00a0<span class=\"entry--content\">918233<\/span><\/p>\n<p><strong>Caract\u00e9ristiques du produit : <\/strong><\/p>\n<ul>\n<li>Avec CUprex, le moteur haute performance ;<\/li>\n<li>Avec un nouveau syst\u00e8me d'inclinaison de 60\u00b0 pour une plus grande profondeur de coupe ;<\/li>\n<li>R\u00e9glage unique et pr\u00e9cis de la hauteur ;<\/li>\n<li>Affichage constant de la coupe.<\/li>\n<\/ul>\n<p><strong class=\"entry--label\">Sp\u00e9cification de livraison :<\/strong><\/p>\n<ul>\n<li>Lame de scie TCT 092590 237 x 1.8\/2.5 x 30 mm. AT, 12 dents, (pour les coupes en long dans le bois) ;<\/li>\n<li>Guide parall\u00e8le (seulement 91C601) : 205323 ;<\/li>\n<li>Connecteur de tuyau : 205290 ;<\/li>\n<li>Cl\u00e9 Allen 5 mm : 093034 ;<\/li>\n<li>C\u00e2ble secteur 4 m. : 087913.<\/li>\n<\/ul>\n<p><strong>Donn\u00e9es techniques :<\/strong><\/p>\n<table>\n<tbody>\n<tr>\n<td>Profondeur de coupe<\/td>\n<td>3 - 15 \/ 32\u2033 \/ 88 mm.<\/td>\n<\/tr>\n<tr>\n<td>Profondeur de coupe \u00e0 45<\/td>\n<td>0 - 61,5 mm.<\/td>\n<\/tr>\n<tr>\n<td>Profondeur de coupe \u00e0 60<\/td>\n<td>2 - 44,5 mm.<\/td>\n<\/tr>\n<tr>\n<td>Plage d'inclinaison<\/td>\n<td>0 - 60 \u00b0<\/td>\n<\/tr>\n<tr>\n<td>Diam\u00e8tre du raccord d'extraction<\/td>\n<td>35 mm.<\/td>\n<\/tr>\n<tr>\n<td>Puissance nominale absorb\u00e9e<\/td>\n<td>2300 W.<\/td>\n<\/tr>\n<tr>\n<td>Poids<\/td>\n<td>6,7 Kg.<\/td>\n<\/tr>\n<tr>\n<td>Moteur universel<\/td>\n<td>120 V. \/ 60 Hz.<\/td>\n<\/tr>\n<tr>\n<td>Vitesse nominale \u00e0 vide<\/td>\n<td>2250 - 4400 1 \/ Min<\/td>\n<\/tr>\n<\/tbody>\n<\/table>\n<p><strong>Applications :<\/strong><\/p>\n<ul>\n<li>Coupe transversale et coupe en long ;<\/li>\n<li>Coupe en biseau \/ coupe d'onglet compos\u00e9e jusqu'\u00e0 60\u00b0 ;<\/li>\n<li>Coupes \u00e0 la vol\u00e9e ;<\/li>\n<li>Coupes plongeantes ;<\/li>\n<li>Chanfreins et rainures ;<\/li>\n<li>Les mat\u00e9riaux compatibles sont le bois massif, les panneaux, les mat\u00e9riaux isolants, les portes, les plans de travail et les mat\u00e9riaux de finition et de r\u00e9novation int\u00e9rieure.<\/li>\n<\/ul>\n<p><strong>Avantages :<\/strong><\/p>\n<ul>\n<li>La K 85 \/ K 85 EC offre une profondeur de coupe am\u00e9lior\u00e9e jusqu'\u00e0 88 mm. (3 7\/16 In.). M\u00eame lorsqu'elle est utilis\u00e9e avec le rail de guidage, elle atteint une profondeur exceptionnelle de 82 mm. (3 3\/16 In.) ;<\/li>\n<li>\u00c9jection optimale des copeaux, en particulier lors du sciage de mat\u00e9riaux isolants ;<\/li>\n<li>Scier pour marquer. Le pointeur s'ajuste automatiquement \u00e0 l'angle d'inclinaison r\u00e9gl\u00e9 ;<\/li>\n<li>La profondeur de coupe est r\u00e9gl\u00e9e et verrouill\u00e9e en une seule action rapide ;<\/li>\n<li>Gr\u00e2ce au nouveau dispositif d'inclinaison du K 85 \/ K 85 Ec, la lecture de la balance est plus facile que jamais ;<\/li>\n<li>Gr\u00e2ce \u00e0 la rainure dans la plaque de base, les rails de guidage disponibles en option peuvent \u00eatre utilis\u00e9s comme syst\u00e8me de tron\u00e7onnage.<\/li>\n<\/ul>\n<p><strong>Voir en action :<\/strong><\/p>\n<div class=\"ast-oembed-container\" style=\"height: 100%;\"><iframe title=\"MAFELL Handkreiss\u00e4ge K 85\" width=\"500\" height=\"281\" src=\"https:\/\/www.youtube.com\/embed\/ZVbAVa-cvmk?feature=oembed\" frameborder=\"0\" allow=\"accelerometer; autoplay; clipboard-write; encrypted-media; gyroscope; picture-in-picture; web-share\" referrerpolicy=\"strict-origin-when-cross-origin\" allowfullscreen><\/iframe><\/div>","protected":false},"excerpt":{"rendered":"<ul>\n<li>La scie circulaire portative Mafell allie puissance et pr\u00e9cision \u00e0 la facilit\u00e9 d'utilisation et \u00e0 l'ergonomie. Ces caract\u00e9ristiques font de cette machine un syst\u00e8me unique.<\/li>\n<li>La puissance et le couple \u00e9lev\u00e9s prennent une toute nouvelle signification avec le nouveau moteur CUprex \u00e0 haut rendement. Il est dot\u00e9 d'une \u00e9lectronique num\u00e9rique aux performances optimis\u00e9es et d'une technologie de contr\u00f4le nouvellement d\u00e9velopp\u00e9e. Sa vitesse est continuellement variable en fonction de la nature du mat\u00e9riau et de l'application.<\/li>\n<li>Il n'est plus n\u00e9cessaire de d\u00e9visser le couteau diviseur - Le FLIPPKEIL vous offre une convivialit\u00e9 et une s\u00e9curit\u00e9 optimales lors de la coupe en plong\u00e9e.<\/li>\n<\/ul>","protected":false},"featured_media":9724,"template":"","meta":{"site-sidebar-layout":"default","site-content-layout":"","ast-site-content-layout":"normal-width-container","site-content-style":"boxed","site-sidebar-style":"default","ast-global-header-display":"","ast-banner-title-visibility":"","ast-main-header-display":"","ast-hfb-above-header-display":"","ast-hfb-below-header-display":"","ast-hfb-mobile-header-display":"","site-post-title":"","ast-breadcrumbs-content":"","ast-featured-img":"","footer-sml-layout":"","ast-disable-related-posts":"","theme-transparent-header-meta":"default","adv-header-id-meta":"","stick-header-meta":"","header-above-stick-meta":"","header-main-stick-meta":"","header-below-stick-meta":"","astra-migrate-meta-layouts":"set","ast-page-background-enabled":"default","ast-page-background-meta":{"desktop":{"background-color":"","background-image":"","background-repeat":"repeat","background-position":"center center","background-size":"auto","background-attachment":"scroll","background-type":"","background-media":"","overlay-type":"","overlay-color":"","overlay-opacity":"","overlay-gradient":""},"tablet":{"background-color":"","background-image":"","background-repeat":"repeat","background-position":"center center","background-size":"auto","background-attachment":"scroll","background-type":"","background-media":"","overlay-type":"","overlay-color":"","overlay-opacity":"","overlay-gradient":""},"mobile":{"background-color":"","background-image":"","background-repeat":"repeat","background-position":"center center","background-size":"auto","background-attachment":"scroll","background-type":"","background-media":"","overlay-type":"","overlay-color":"","overlay-opacity":"","overlay-gradient":""}},"ast-content-background-meta":{"desktop":{"background-color":"var(--ast-global-color-5)","background-image":"","background-repeat":"repeat","background-position":"center center","background-size":"auto","background-attachment":"scroll","background-type":"","background-media":"","overlay-type":"","overlay-color":"","overlay-opacity":"","overlay-gradient":""},"tablet":{"background-color":"var(--ast-global-color-5)","background-image":"","background-repeat":"repeat","background-position":"center center","background-size":"auto","background-attachment":"scroll","background-type":"","background-media":"","overlay-type":"","overlay-color":"","overlay-opacity":"","overlay-gradient":""},"mobile":{"background-color":"var(--ast-global-color-5)","background-image":"","background-repeat":"repeat","background-position":"center center","background-size":"auto","background-attachment":"scroll","background-type":"","background-media":"","overlay-type":"","overlay-color":"","overlay-opacity":"","overlay-gradient":""}}},"product_brand":[],"product_cat":[305,328,105,57],"product_tag":[],"class_list":{"0":"post-9510","1":"product","2":"type-product","3":"status-publish","4":"has-post-thumbnail","6":"product_cat-mafell","7":"product_cat-sawing-mafell","8":"product_cat-application-tools","9":"product_cat-woodworking","10":"desktop-align-center","11":"tablet-align-center","12":"mobile-align-center","14":"first","15":"instock","16":"shipping-taxable","17":"product-type-simple"},"_links":{"self":[{"href":"https:\/\/jjscanada.ca\/fr\/wp-json\/wp\/v2\/product\/9510","targetHints":{"allow":["GET"]}}],"collection":[{"href":"https:\/\/jjscanada.ca\/fr\/wp-json\/wp\/v2\/product"}],"about":[{"href":"https:\/\/jjscanada.ca\/fr\/wp-json\/wp\/v2\/types\/product"}],"wp:featuredmedia":[{"embeddable":true,"href":"https:\/\/jjscanada.ca\/fr\/wp-json\/wp\/v2\/media\/9724"}],"wp:attachment":[{"href":"https:\/\/jjscanada.ca\/fr\/wp-json\/wp\/v2\/media?parent=9510"}],"wp:term":[{"taxonomy":"product_brand","embeddable":true,"href":"https:\/\/jjscanada.ca\/fr\/wp-json\/wp\/v2\/product_brand?post=9510"},{"taxonomy":"product_cat","embeddable":true,"href":"https:\/\/jjscanada.ca\/fr\/wp-json\/wp\/v2\/product_cat?post=9510"},{"taxonomy":"product_tag","embeddable":true,"href":"https:\/\/jjscanada.ca\/fr\/wp-json\/wp\/v2\/product_tag?post=9510"}],"curies":[{"name":"wp","href":"https:\/\/api.w.org\/{rel}","templated":true}]}}