{"id":9515,"date":"2024-05-23T14:26:27","date_gmt":"2024-05-23T14:26:27","guid":{"rendered":"https:\/\/jjscanada.ca\/?post_type=product&#038;p=9515"},"modified":"2024-07-19T17:16:45","modified_gmt":"2024-07-19T17:16:45","slug":"portable-circular-carpentry-saw-mks-130-ec","status":"publish","type":"product","link":"https:\/\/jjscanada.ca\/fr\/produit\/portable-circular-carpentry-saw-mks-130-ec\/","title":{"rendered":"Mafell Scie circulaire portative pour charpente MKS 130 EC"},"content":{"rendered":"<p><strong class=\"entry--label\">Num\u00e9ro de commande :<\/strong>\u00a0<span class=\"entry--content\">925422<\/span><\/p>\n<p><strong>Scie circulaire portative de menuiserie MKS 130 EC 120 V :<\/strong> 925422<br \/>\n<strong>Scie circulaire portative de menuiserie MKS 130 Ec 240 V :<\/strong> 925423<\/p>\n<p><strong>Caract\u00e9ristiques du produit :<\/strong><\/p>\n<ul>\n<li>Avec CUprex, le moteur haute performance ;<\/li>\n<li>Avec un nouveau syst\u00e8me d'inclinaison de 60\u00b0 pour une plus grande profondeur de coupe ;<\/li>\n<li>R\u00e9glage unique et pr\u00e9cis de la hauteur ;<\/li>\n<li>Affichage constant de la coupe.<\/li>\n<\/ul>\n<p><strong class=\"entry--label\">Sp\u00e9cification de livraison :<\/strong><\/p>\n<ul>\n<li>Lame de scie TCT : 092571 (330 x 2.2\/3.2 x 30 mm. AT, 24 dents, pour usage universel dans le bois) ;<\/li>\n<li>Guide parall\u00e8le : 203853 ;<\/li>\n<li>Cl\u00e9 Allen 6 mm : 093081<\/li>\n<li>C\u00e2ble secteur 10 m. (120V.) : 087805 ;<\/li>\n<li>C\u00e2ble secteur 10 m. (240V.) : 087896<\/li>\n<\/ul>\n<p><strong>Donn\u00e9es techniques :<\/strong><\/p>\n<table style=\"font-size: 16px; font-style: normal;\">\n<tbody>\n<tr>\n<td>Profondeur de coupe<\/td>\n<td>1 - 15 \/ 16\u2033 - 5 - 7 \/16\u2033\/ 50 - 130 mm.<\/td>\n<\/tr>\n<tr>\n<td>Profondeur de coupe \u00e0 45<\/td>\n<td>37 - 94 mm.<\/td>\n<\/tr>\n<tr>\n<td>Profondeur de coupe \u00e0 60<\/td>\n<td>25 - 65 mm.<\/td>\n<\/tr>\n<tr>\n<td>Plage d'inclinaison<\/td>\n<td>0 - 60\u00b0<\/td>\n<\/tr>\n<tr>\n<td>Nombre nominal de courses - \u00e0 vide<\/td>\n<td>1000 - 2000 1\/Min.<\/td>\n<\/tr>\n<tr>\n<td>Puissance nominale absorb\u00e9e<\/td>\n<td>2500 W.<\/td>\n<\/tr>\n<tr>\n<td>Diam\u00e8tre du raccord d'extraction<\/td>\n<td>58 mm.<\/td>\n<\/tr>\n<tr>\n<td>Poids<\/td>\n<td>12 Kg.<\/td>\n<\/tr>\n<tr>\n<td>Moteur universel<\/td>\n<td>120 V. \/ 60 Hz.<\/td>\n<\/tr>\n<tr>\n<td>Moteur universel<\/td>\n<td>240 V. \/ 60 Hz.<\/td>\n<\/tr>\n<\/tbody>\n<\/table>\n<p><strong>Applications :<\/strong><\/p>\n<ul>\n<li>Coupe transversale et coupe en long ;<\/li>\n<li>Coupes en biseau jusqu'\u00e0 60\u00b0 ;<\/li>\n<li>Travaux g\u00e9n\u00e9raux d'assemblage, coupes de la bouche d'oiseau ;<\/li>\n<li>Les mat\u00e9riaux compatibles sont le bois massif, les poutres stratifi\u00e9es, les mat\u00e9riaux isolants et les panneaux composites.<\/li>\n<\/ul>\n<p><strong>Avantages :<\/strong><\/p>\n<ul>\n<li>Les poign\u00e9es ergonomiques, id\u00e9alement positionn\u00e9es, offrent un grand confort d'utilisation et permettent de travailler efficacement dans toutes les situations ;<\/li>\n<li>R\u00e9gulation continue de la vitesse en fonction des besoins et des applications ;<\/li>\n<li>La profondeur de coupe souhait\u00e9e se r\u00e8gle facilement \u00e0 l'aide d'une molette et d'une \u00e9chelle tr\u00e8s lisible. Il n'est plus n\u00e9cessaire de rev\u00e9rifier les dimensions.<\/li>\n<\/ul>\n<p><strong>Voir en action :<\/strong><\/p>\n<div class=\"ast-oembed-container\" style=\"height: 100%;\"><iframe title=\"MAFELL Scie circulaire portative de menuiserie MKS 130 Ec\" width=\"500\" height=\"281\" src=\"https:\/\/www.youtube.com\/embed\/NeZGWazEzYg?feature=oembed\" frameborder=\"0\" allow=\"accelerometer; autoplay; clipboard-write; encrypted-media; gyroscope; picture-in-picture; web-share\" referrerpolicy=\"strict-origin-when-cross-origin\" allowfullscreen><\/iframe><\/div>","protected":false},"excerpt":{"rendered":"<ul>\n<li>La puissance et le couple \u00e9lev\u00e9s prennent une toute nouvelle signification avec le nouveau moteur CUprex \u00e0 haut rendement. Il est dot\u00e9 d'une \u00e9lectronique num\u00e9rique aux performances optimis\u00e9es et d'une technologie de contr\u00f4le nouvellement d\u00e9velopp\u00e9e. Sa vitesse est continuellement variable en fonction de la nature du mat\u00e9riau et de l'application.<\/li>\n<li>La maniabilit\u00e9 et le comportement de la scie sont am\u00e9lior\u00e9s par un d\u00e9marrage en douceur, des vitesses constantes sous charge, une r\u00e9duction de la vitesse et une protection contre les surcharges.<\/li>\n<li>La conception exemplaire du MKS 130 EC fait appel \u00e0 des mat\u00e9riaux extr\u00eamement robustes et de haute qualit\u00e9, notamment le bo\u00eetier l\u00e9ger en magn\u00e9sium moul\u00e9 sous pression et les composants en plastique renforc\u00e9 de fibres de verre r\u00e9sistant aux chocs. La plupart des surfaces traditionnellement expos\u00e9es \u00e0 la poussi\u00e8re ou aux copeaux ont \u00e9t\u00e9 \u00e9limin\u00e9es.<\/li>\n<li>La MKS 130 EC r\u00e9pond \u00e0 toutes les exigences de la menuiserie traditionnelle et moderne : les coupes transversales et longitudinales dans le bois ou les mat\u00e9riaux isolants sont faciles \u00e0 r\u00e9aliser gr\u00e2ce \u00e0 la disponibilit\u00e9 d'accessoires appropri\u00e9s.<\/li>\n<li>Rien n'est laiss\u00e9 au hasard en mati\u00e8re de s\u00e9curit\u00e9 : La MKS 130 EC est \u00e9quip\u00e9e d'un frein moteur et d'une protection de scie \u00e0 fermeture automatique. Parmi les autres caract\u00e9ristiques de s\u00e9curit\u00e9, l'interrupteur marche\/arr\u00eat est dot\u00e9 d'un bouton de verrouillage du d\u00e9marrage int\u00e9gr\u00e9.<\/li>\n<\/ul>","protected":false},"featured_media":9725,"template":"","meta":{"site-sidebar-layout":"default","site-content-layout":"","ast-site-content-layout":"normal-width-container","site-content-style":"boxed","site-sidebar-style":"default","ast-global-header-display":"","ast-banner-title-visibility":"","ast-main-header-display":"","ast-hfb-above-header-display":"","ast-hfb-below-header-display":"","ast-hfb-mobile-header-display":"","site-post-title":"","ast-breadcrumbs-content":"","ast-featured-img":"","footer-sml-layout":"","ast-disable-related-posts":"","theme-transparent-header-meta":"default","adv-header-id-meta":"","stick-header-meta":"","header-above-stick-meta":"","header-main-stick-meta":"","header-below-stick-meta":"","astra-migrate-meta-layouts":"set","ast-page-background-enabled":"default","ast-page-background-meta":{"desktop":{"background-color":"","background-image":"","background-repeat":"repeat","background-position":"center center","background-size":"auto","background-attachment":"scroll","background-type":"","background-media":"","overlay-type":"","overlay-color":"","overlay-opacity":"","overlay-gradient":""},"tablet":{"background-color":"","background-image":"","background-repeat":"repeat","background-position":"center center","background-size":"auto","background-attachment":"scroll","background-type":"","background-media":"","overlay-type":"","overlay-color":"","overlay-opacity":"","overlay-gradient":""},"mobile":{"background-color":"","background-image":"","background-repeat":"repeat","background-position":"center center","background-size":"auto","background-attachment":"scroll","background-type":"","background-media":"","overlay-type":"","overlay-color":"","overlay-opacity":"","overlay-gradient":""}},"ast-content-background-meta":{"desktop":{"background-color":"var(--ast-global-color-5)","background-image":"","background-repeat":"repeat","background-position":"center center","background-size":"auto","background-attachment":"scroll","background-type":"","background-media":"","overlay-type":"","overlay-color":"","overlay-opacity":"","overlay-gradient":""},"tablet":{"background-color":"var(--ast-global-color-5)","background-image":"","background-repeat":"repeat","background-position":"center center","background-size":"auto","background-attachment":"scroll","background-type":"","background-media":"","overlay-type":"","overlay-color":"","overlay-opacity":"","overlay-gradient":""},"mobile":{"background-color":"var(--ast-global-color-5)","background-image":"","background-repeat":"repeat","background-position":"center center","background-size":"auto","background-attachment":"scroll","background-type":"","background-media":"","overlay-type":"","overlay-color":"","overlay-opacity":"","overlay-gradient":""}}},"product_brand":[],"product_cat":[305,328,105,57],"product_tag":[],"class_list":{"0":"post-9515","1":"product","2":"type-product","3":"status-publish","4":"has-post-thumbnail","6":"product_cat-mafell","7":"product_cat-sawing-mafell","8":"product_cat-application-tools","9":"product_cat-woodworking","10":"desktop-align-center","11":"tablet-align-center","12":"mobile-align-center","14":"first","15":"instock","16":"shipping-taxable","17":"product-type-simple"},"_links":{"self":[{"href":"https:\/\/jjscanada.ca\/fr\/wp-json\/wp\/v2\/product\/9515","targetHints":{"allow":["GET"]}}],"collection":[{"href":"https:\/\/jjscanada.ca\/fr\/wp-json\/wp\/v2\/product"}],"about":[{"href":"https:\/\/jjscanada.ca\/fr\/wp-json\/wp\/v2\/types\/product"}],"wp:featuredmedia":[{"embeddable":true,"href":"https:\/\/jjscanada.ca\/fr\/wp-json\/wp\/v2\/media\/9725"}],"wp:attachment":[{"href":"https:\/\/jjscanada.ca\/fr\/wp-json\/wp\/v2\/media?parent=9515"}],"wp:term":[{"taxonomy":"product_brand","embeddable":true,"href":"https:\/\/jjscanada.ca\/fr\/wp-json\/wp\/v2\/product_brand?post=9515"},{"taxonomy":"product_cat","embeddable":true,"href":"https:\/\/jjscanada.ca\/fr\/wp-json\/wp\/v2\/product_cat?post=9515"},{"taxonomy":"product_tag","embeddable":true,"href":"https:\/\/jjscanada.ca\/fr\/wp-json\/wp\/v2\/product_tag?post=9515"}],"curies":[{"name":"wp","href":"https:\/\/api.w.org\/{rel}","templated":true}]}}