{"id":9520,"date":"2024-05-23T14:29:52","date_gmt":"2024-05-23T14:29:52","guid":{"rendered":"https:\/\/jjscanada.ca\/?post_type=product&#038;p=9520"},"modified":"2024-07-19T17:24:29","modified_gmt":"2024-07-19T17:24:29","slug":"duodoweler-ddf-40","status":"publish","type":"product","link":"https:\/\/jjscanada.ca\/fr\/produit\/duodoweler-ddf-40\/","title":{"rendered":"Mafell DuoDoweler DDF 40"},"content":{"rendered":"<p><strong class=\"entry--label\">Num\u00e9ro de commande :<\/strong>\u00a0<span class=\"entry--content\">918623<\/span><\/p>\n<p><strong>Caract\u00e9ristiques du produit : <\/strong><\/p>\n<ul>\n<li>Nouveau design ergonomique pour une manipulation ais\u00e9e ;<\/li>\n<li>Syst\u00e8me d'alignement brevet\u00e9 ;<\/li>\n<li>Machine de faible encombrement avec une plaque de base plate.<\/li>\n<\/ul>\n<p><strong class=\"entry--label\">Sp\u00e9cification de livraison :<\/strong><\/p>\n<ul>\n<li>Repos auxiliaire ZA ;<\/li>\n<li>S\u00e9rie d'arr\u00eats suppl\u00e9mentaires ZAG ;<\/li>\n<li>Connecteur de pose ;<\/li>\n<li>Indicateur de position PAZ ;<\/li>\n<li>Cl\u00e9 Allen avec poign\u00e9e : 093282 ;<\/li>\n<li>Bouteille de colle 250 ml : 095059 ;<\/li>\n<li>Tapis antid\u00e9rapants : 095063 ;<\/li>\n<li>C\u00e2ble secteur 4 m. : 087830.<br \/>\n<strong>MaxiMAX :<\/strong><\/li>\n<li>M\u00e8che pour chevilles HW \u00d8 8 mm : 090097 ;<\/li>\n<li>M\u00e8che pour chevilles HW \u00d8 6 mm : 090096 ;<\/li>\n<li>Paquet de chevilles en bois, 8 x 30 mm, 200 pi\u00e8ces ;<\/li>\n<li>Paquet de chevilles en bois, 6 x 30 mm, 350 pi\u00e8ces ;<\/li>\n<li>Buse \u00e0 goujon \u00d8 8 mm : 095060 ;<\/li>\n<li>Jeu de barri\u00e8res lat\u00e9rales SA 320 : 206490 ;<\/li>\n<li>Goupille d'arr\u00eat pour lattes LA : 206491.<\/li>\n<\/ul>\n<p><strong>Donn\u00e9es techniques :<\/strong><\/p>\n<table>\n<tbody>\n<tr>\n<td>Profondeur de forage<\/td>\n<td>0 1 - 5 \/ 8\u2033 \/ 0 - 40 mm.<\/td>\n<\/tr>\n<tr>\n<td>Espacement des forages<\/td>\n<td>1 - 1 \/ 4\u2033 \/ 32 mm.<\/td>\n<\/tr>\n<tr>\n<td>Diam\u00e8tre du mandrin \u00d8<\/td>\n<td>5 - 16\u2033 \/ 8 mm.<\/td>\n<\/tr>\n<tr>\n<td>\u00d8 de l'outil Diam\u00e8tre Max.<\/td>\n<td>1 \/ 2\u2033 \/ 12,2 mm.<\/td>\n<\/tr>\n<tr>\n<td>\u00d8 de l'outil Diam\u00e8tre Min.<\/td>\n<td>1 \/ 8\u2033 \/ 3 mm.<\/td>\n<\/tr>\n<tr>\n<td>Plage d'inclinaison<\/td>\n<td>0 - 90\u00b0<\/td>\n<\/tr>\n<tr>\n<td>Vitesse \u00e0 vide de l'outil<\/td>\n<td>8000 tr\/min.<\/td>\n<\/tr>\n<tr>\n<td>Puissance nominale absorb\u00e9e<\/td>\n<td>900 W. (1.2 Hp.)<\/td>\n<\/tr>\n<tr>\n<td>Connecteur de tuyau Dia. ext.<\/td>\n<td>29 mm.<\/td>\n<\/tr>\n<tr>\n<td>Poids<\/td>\n<td>2,8 Kg (6,2 Lbs)<\/td>\n<\/tr>\n<tr>\n<td>Dimensions (L x L x H)<\/td>\n<td>145 x 300 x 164 mm.<\/td>\n<\/tr>\n<tr>\n<td>Moteur universel<\/td>\n<td>120 V. \/ 60 Hz.<\/td>\n<\/tr>\n<\/tbody>\n<\/table>\n<p><strong>Applications :<\/strong><\/p>\n<ul>\n<li>Rang\u00e9es de trous ;<\/li>\n<li>Per\u00e7age pour les raccords\/la quincaillerie ;<\/li>\n<li>Id\u00e9al pour la construction de carcasses et d'escaliers dans l'atelier et sur le chantier ;<\/li>\n<li>Les mat\u00e9riaux compatibles sont le bois massif et les panneaux ;<\/li>\n<li>Tous types de joints de 3 \u00e0 12 mm. (1\/8 In. - 1\/2 In.).<\/li>\n<\/ul>\n<p><strong>Avantages :<\/strong><\/p>\n<ul>\n<li>Le bouton rotatif et l'\u00e9chelle permettent de repositionner avec pr\u00e9cision le guide inclinable jusqu'\u00e0 une hauteur de 62 mm. (2 7\/16 In.) . La tourelle permet de pr\u00e9r\u00e9gler les dimensions qui reviennent r\u00e9guli\u00e8rement.<\/li>\n<li>Deux goupilles \u00e0 ressort dans la plaque de base permettent \u00e0 l'utilisateur de percer des trous \u00e0 une distance fixe de 15,5 mm. (5\/8 In.) du bord de la pi\u00e8ce ; le per\u00e7age r\u00e9p\u00e9titif sans mesure ni marquage est simple.<\/li>\n<li>Le carter ergonomique du moteur, avec une poign\u00e9e moul\u00e9e \u00e0 l'avant et une bosse \u00e0 l'arri\u00e8re, offre \u00e0 l'op\u00e9rateur une prise parfaite quel que soit le travail, tout en assurant une transmission id\u00e9ale de la force \u00e0 la machine.<\/li>\n<li>Le guide inclinable est situ\u00e9 sur deux colonnes et fix\u00e9 \u00e0 l'aide d'une seule vis de r\u00e9glage. Pour les joints d'onglet, il s'incline continuellement de 0 \u00e0 90 degr\u00e9s. Des but\u00e9es d'indexation sont pr\u00e9vues \u00e0 22,5\u00b0, 45\u00b0 et 67,5\u00b0.<\/li>\n<\/ul>\n<p><strong>Voir en action :<\/strong><\/p>\n<div class=\"ast-oembed-container\" style=\"height: 100%;\"><iframe title=\"Mafell DuoD\u00fcbler DDF 40 : Einfach, Vielseitig, Pr\u00e4zise.\" width=\"500\" height=\"281\" src=\"https:\/\/www.youtube.com\/embed\/GzrIFKcGm_8?feature=oembed\" frameborder=\"0\" allow=\"accelerometer; autoplay; clipboard-write; encrypted-media; gyroscope; picture-in-picture; web-share\" referrerpolicy=\"strict-origin-when-cross-origin\" allowfullscreen><\/iframe><\/div>\n<div class=\"ast-oembed-container\" style=\"height: 100%;\"><iframe title=\"Au\u00dfenecke mit dem DuoD\u00fcbler DDF 40\" width=\"500\" height=\"281\" src=\"https:\/\/www.youtube.com\/embed\/n-E8akMo8xc?feature=oembed\" frameborder=\"0\" allow=\"accelerometer; autoplay; clipboard-write; encrypted-media; gyroscope; picture-in-picture; web-share\" referrerpolicy=\"strict-origin-when-cross-origin\" allowfullscreen><\/iframe><\/div>\n<div class=\"ast-oembed-container\" style=\"height: 100%;\"><iframe title=\"Les baguettes et les corps sont enduits avec le DuoD\u00fcbler DDF 40\" width=\"500\" height=\"281\" src=\"https:\/\/www.youtube.com\/embed\/2-6V8dLa-8g?feature=oembed\" frameborder=\"0\" allow=\"accelerometer; autoplay; clipboard-write; encrypted-media; gyroscope; picture-in-picture; web-share\" referrerpolicy=\"strict-origin-when-cross-origin\" allowfullscreen><\/iframe><\/div>\n<div class=\"ast-oembed-container\" style=\"height: 100%;\"><iframe title=\"Lochreihen mit dem DuoD\u00fcbler DDF 40\" width=\"500\" height=\"281\" src=\"https:\/\/www.youtube.com\/embed\/4KMXqFEX5YE?feature=oembed\" frameborder=\"0\" allow=\"accelerometer; autoplay; clipboard-write; encrypted-media; gyroscope; picture-in-picture; web-share\" referrerpolicy=\"strict-origin-when-cross-origin\" allowfullscreen><\/iframe><\/div>\n<p>&nbsp;<\/p>","protected":false},"excerpt":{"rendered":"<ul>\n<li>Le DuoDoweler DDF 40 facilite et rend plus efficace le per\u00e7age de trous de chevilles pr\u00e9cis. Il se caract\u00e9rise par un large \u00e9ventail d'applications, une nouvelle conception ergonomique pour une manipulation ais\u00e9e et des joints parfaitement align\u00e9s et stables.<\/li>\n<li>Que ce soit dans l'atelier ou sur le chantier, aucun autre outil \u00e9lectrique portatif ne peut produire des joints d'une telle qualit\u00e9.<\/li>\n<li>Pour la r\u00e9alisation de joints d'angle, de cloisons ou de rang\u00e9es de trous, le DDF 40 offre non seulement la pr\u00e9cision d'une machine stationnaire, mais aussi les \u00e9conomies associ\u00e9es aux chevilles en bois standard.<\/li>\n<li>En outre, la technique consistant \u00e0 utiliser des chevilles par paires permet d\u00e9j\u00e0 d'obtenir une stabilit\u00e9 remarquable au stade de l'assemblage \u00e0 sec.<\/li>\n<\/ul>","protected":false},"featured_media":9729,"template":"","meta":{"site-sidebar-layout":"default","site-content-layout":"","ast-site-content-layout":"normal-width-container","site-content-style":"boxed","site-sidebar-style":"default","ast-global-header-display":"","ast-banner-title-visibility":"","ast-main-header-display":"","ast-hfb-above-header-display":"","ast-hfb-below-header-display":"","ast-hfb-mobile-header-display":"","site-post-title":"","ast-breadcrumbs-content":"","ast-featured-img":"","footer-sml-layout":"","ast-disable-related-posts":"","theme-transparent-header-meta":"default","adv-header-id-meta":"","stick-header-meta":"","header-above-stick-meta":"","header-main-stick-meta":"","header-below-stick-meta":"","astra-migrate-meta-layouts":"set","ast-page-background-enabled":"default","ast-page-background-meta":{"desktop":{"background-color":"","background-image":"","background-repeat":"repeat","background-position":"center center","background-size":"auto","background-attachment":"scroll","background-type":"","background-media":"","overlay-type":"","overlay-color":"","overlay-opacity":"","overlay-gradient":""},"tablet":{"background-color":"","background-image":"","background-repeat":"repeat","background-position":"center center","background-size":"auto","background-attachment":"scroll","background-type":"","background-media":"","overlay-type":"","overlay-color":"","overlay-opacity":"","overlay-gradient":""},"mobile":{"background-color":"","background-image":"","background-repeat":"repeat","background-position":"center center","background-size":"auto","background-attachment":"scroll","background-type":"","background-media":"","overlay-type":"","overlay-color":"","overlay-opacity":"","overlay-gradient":""}},"ast-content-background-meta":{"desktop":{"background-color":"var(--ast-global-color-5)","background-image":"","background-repeat":"repeat","background-position":"center center","background-size":"auto","background-attachment":"scroll","background-type":"","background-media":"","overlay-type":"","overlay-color":"","overlay-opacity":"","overlay-gradient":""},"tablet":{"background-color":"var(--ast-global-color-5)","background-image":"","background-repeat":"repeat","background-position":"center center","background-size":"auto","background-attachment":"scroll","background-type":"","background-media":"","overlay-type":"","overlay-color":"","overlay-opacity":"","overlay-gradient":""},"mobile":{"background-color":"var(--ast-global-color-5)","background-image":"","background-repeat":"repeat","background-position":"center center","background-size":"auto","background-attachment":"scroll","background-type":"","background-media":"","overlay-type":"","overlay-color":"","overlay-opacity":"","overlay-gradient":""}}},"product_brand":[],"product_cat":[329,305,105,57],"product_tag":[],"class_list":{"0":"post-9520","1":"product","2":"type-product","3":"status-publish","4":"has-post-thumbnail","6":"product_cat-drilling","7":"product_cat-mafell","8":"product_cat-application-tools","9":"product_cat-woodworking","10":"desktop-align-center","11":"tablet-align-center","12":"mobile-align-center","14":"first","15":"instock","16":"shipping-taxable","17":"product-type-simple"},"_links":{"self":[{"href":"https:\/\/jjscanada.ca\/fr\/wp-json\/wp\/v2\/product\/9520","targetHints":{"allow":["GET"]}}],"collection":[{"href":"https:\/\/jjscanada.ca\/fr\/wp-json\/wp\/v2\/product"}],"about":[{"href":"https:\/\/jjscanada.ca\/fr\/wp-json\/wp\/v2\/types\/product"}],"wp:featuredmedia":[{"embeddable":true,"href":"https:\/\/jjscanada.ca\/fr\/wp-json\/wp\/v2\/media\/9729"}],"wp:attachment":[{"href":"https:\/\/jjscanada.ca\/fr\/wp-json\/wp\/v2\/media?parent=9520"}],"wp:term":[{"taxonomy":"product_brand","embeddable":true,"href":"https:\/\/jjscanada.ca\/fr\/wp-json\/wp\/v2\/product_brand?post=9520"},{"taxonomy":"product_cat","embeddable":true,"href":"https:\/\/jjscanada.ca\/fr\/wp-json\/wp\/v2\/product_cat?post=9520"},{"taxonomy":"product_tag","embeddable":true,"href":"https:\/\/jjscanada.ca\/fr\/wp-json\/wp\/v2\/product_tag?post=9520"}],"curies":[{"name":"wp","href":"https:\/\/api.w.org\/{rel}","templated":true}]}}