{"id":9527,"date":"2024-05-23T14:36:43","date_gmt":"2024-05-23T14:36:43","guid":{"rendered":"https:\/\/jjscanada.ca\/?post_type=product&#038;p=9527"},"modified":"2024-07-19T17:36:34","modified_gmt":"2024-07-19T17:36:34","slug":"chain-mortiser-ls-103-ec","status":"publish","type":"product","link":"https:\/\/jjscanada.ca\/fr\/produit\/chain-mortiser-ls-103-ec\/","title":{"rendered":"Mortaiseuse \u00e0 cha\u00eene Mafell LS 103 EC"},"content":{"rendered":"<p><strong class=\"entry--label\">Num\u00e9ro de commande :<\/strong>\u00a0<span class=\"entry--content\">924222<\/span><\/p>\n<p><strong>Mortaiseuse \u00e0 cha\u00eene 103 120 V : <\/strong>924222<br \/>\n<strong>Mortaiseuse \u00e0 cha\u00eene LS 103 240 V :<\/strong> 924250<\/p>\n<p><strong>Caract\u00e9ristiques du produit :<\/strong><\/p>\n<p>- Avec CUprex, le moteur haute performance ;<br \/>\n- Extr\u00eamement l\u00e9ger et s\u00fbr ;<br \/>\n- Remplacement rapide de la cha\u00eene ;<br \/>\n- Construction ergonomique de la machine.<\/p>\n<p><strong class=\"entry--label\">Sp\u00e9cification de livraison :<\/strong><\/p>\n<ul>\n<li>Plaque d'arr\u00eat : 200954 ;<\/li>\n<li>Cl\u00e9 Allen 4 mm : 093074 ;<\/li>\n<li>Cl\u00e9 Allen 8 mm : 093070 ;<\/li>\n<li>C\u00e2ble secteur 10 m. (120V.) : 087653 ;<\/li>\n<li>C\u00e2ble secteur 10 m. (240V) : 087896.<\/li>\n<\/ul>\n<p><strong>Donn\u00e9es techniques :<\/strong><\/p>\n<table style=\"font-size: 16px; font-style: normal;\">\n<tbody>\n<tr>\n<td>Profondeur de mortaisage<\/td>\n<td>3-15 \/ 16\u2033 - 5-7 \/ 8\u2033 \/ 100 - 150 mm.<\/td>\n<\/tr>\n<tr>\n<td>Vitesse nominale \u00e0 vide<\/td>\n<td>4050 1 \/ Min.<\/td>\n<\/tr>\n<tr>\n<td>Entr\u00e9e nominale<\/td>\n<td>2500 W.<\/td>\n<\/tr>\n<tr>\n<td>Poids<\/td>\n<td>8,7 Kg.<\/td>\n<\/tr>\n<tr>\n<td>Moteur universel<\/td>\n<td>120 V. \/ 60 Hz.<\/td>\n<\/tr>\n<tr>\n<td>Moteur universel<\/td>\n<td>\u00a0240 V. \/ 60 Hz.<\/td>\n<\/tr>\n<\/tbody>\n<\/table>\n<p><strong>Applications :<\/strong><\/p>\n<ul>\n<li>Pour couper des mortaises.<\/li>\n<li>Les mat\u00e9riaux compatibles sont le bois massif et le bois lamell\u00e9-coll\u00e9.<\/li>\n<\/ul>\n<p><strong>Avantages :<\/strong><\/p>\n<ul>\n<li>Poign\u00e9e et interrupteur ergonomiques - Pour un travail s\u00fbr, efficace et \u00e9conome en \u00e9nergie ;<\/li>\n<li>Poids r\u00e9duit de la machine - Id\u00e9al pour une utilisation sur les chantiers de construction ;<\/li>\n<li>Moteur extr\u00eamement puissant - Pour une efficacit\u00e9 \u00e9lev\u00e9e et un gain de temps consid\u00e9rable.<\/li>\n<\/ul>\n<p>&nbsp;<\/p>","protected":false},"excerpt":{"rendered":"<ul>\n<li>L\u00e9g\u00e8ret\u00e9 unique avec seulement 8,7 kg. Le mortaisage \u00e0 la cha\u00eene sans le frottement.<\/li>\n<li>La longue plaque de guidage dispose d'une grande plage de r\u00e9glage et permet de travailler sur des pi\u00e8ces de bois de grande taille.<\/li>\n<li>Le syst\u00e8me de tension de la LS 103 EC permet un remplacement rapide de la cha\u00eene. Il est m\u00eame possible de retendre la cha\u00eene sans enlever le carter de cha\u00eene, ce qui est rapide et facile.<\/li>\n<li>Les accessoires optionnels comprennent le support de guidage pour la LS 103 EC, id\u00e9al pour les travaux d'encadrement pr\u00e9cis, particuli\u00e8rement indispensable pour les jeux de cha\u00eenes de 150 mm. (5 7\/8 In.)<\/li>\n<li>Avec la LS 103 EC et la fraise \u00e0 mortaiser SG 230, SG 400 ou SG 500 appropri\u00e9e, vous pouvez r\u00e9aliser des fentes jusqu'\u00e0 500 mm. (19 11\/16 In.). Ceci n'est possible avec aucune autre machine sur le march\u00e9 !<\/li>\n<\/ul>","protected":false},"featured_media":9734,"template":"","meta":{"site-sidebar-layout":"default","site-content-layout":"","ast-site-content-layout":"normal-width-container","site-content-style":"boxed","site-sidebar-style":"default","ast-global-header-display":"","ast-banner-title-visibility":"","ast-main-header-display":"","ast-hfb-above-header-display":"","ast-hfb-below-header-display":"","ast-hfb-mobile-header-display":"","site-post-title":"","ast-breadcrumbs-content":"","ast-featured-img":"","footer-sml-layout":"","ast-disable-related-posts":"","theme-transparent-header-meta":"default","adv-header-id-meta":"","stick-header-meta":"","header-above-stick-meta":"","header-main-stick-meta":"","header-below-stick-meta":"","astra-migrate-meta-layouts":"set","ast-page-background-enabled":"default","ast-page-background-meta":{"desktop":{"background-color":"","background-image":"","background-repeat":"repeat","background-position":"center center","background-size":"auto","background-attachment":"scroll","background-type":"","background-media":"","overlay-type":"","overlay-color":"","overlay-opacity":"","overlay-gradient":""},"tablet":{"background-color":"","background-image":"","background-repeat":"repeat","background-position":"center center","background-size":"auto","background-attachment":"scroll","background-type":"","background-media":"","overlay-type":"","overlay-color":"","overlay-opacity":"","overlay-gradient":""},"mobile":{"background-color":"","background-image":"","background-repeat":"repeat","background-position":"center center","background-size":"auto","background-attachment":"scroll","background-type":"","background-media":"","overlay-type":"","overlay-color":"","overlay-opacity":"","overlay-gradient":""}},"ast-content-background-meta":{"desktop":{"background-color":"var(--ast-global-color-5)","background-image":"","background-repeat":"repeat","background-position":"center center","background-size":"auto","background-attachment":"scroll","background-type":"","background-media":"","overlay-type":"","overlay-color":"","overlay-opacity":"","overlay-gradient":""},"tablet":{"background-color":"var(--ast-global-color-5)","background-image":"","background-repeat":"repeat","background-position":"center center","background-size":"auto","background-attachment":"scroll","background-type":"","background-media":"","overlay-type":"","overlay-color":"","overlay-opacity":"","overlay-gradient":""},"mobile":{"background-color":"var(--ast-global-color-5)","background-image":"","background-repeat":"repeat","background-position":"center center","background-size":"auto","background-attachment":"scroll","background-type":"","background-media":"","overlay-type":"","overlay-color":"","overlay-opacity":"","overlay-gradient":""}}},"product_brand":[],"product_cat":[305,327,105,57],"product_tag":[],"class_list":{"0":"post-9527","1":"product","2":"type-product","3":"status-publish","4":"has-post-thumbnail","6":"product_cat-mafell","7":"product_cat-mortising","8":"product_cat-application-tools","9":"product_cat-woodworking","10":"desktop-align-center","11":"tablet-align-center","12":"mobile-align-center","14":"first","15":"instock","16":"shipping-taxable","17":"product-type-simple"},"_links":{"self":[{"href":"https:\/\/jjscanada.ca\/fr\/wp-json\/wp\/v2\/product\/9527","targetHints":{"allow":["GET"]}}],"collection":[{"href":"https:\/\/jjscanada.ca\/fr\/wp-json\/wp\/v2\/product"}],"about":[{"href":"https:\/\/jjscanada.ca\/fr\/wp-json\/wp\/v2\/types\/product"}],"wp:featuredmedia":[{"embeddable":true,"href":"https:\/\/jjscanada.ca\/fr\/wp-json\/wp\/v2\/media\/9734"}],"wp:attachment":[{"href":"https:\/\/jjscanada.ca\/fr\/wp-json\/wp\/v2\/media?parent=9527"}],"wp:term":[{"taxonomy":"product_brand","embeddable":true,"href":"https:\/\/jjscanada.ca\/fr\/wp-json\/wp\/v2\/product_brand?post=9527"},{"taxonomy":"product_cat","embeddable":true,"href":"https:\/\/jjscanada.ca\/fr\/wp-json\/wp\/v2\/product_cat?post=9527"},{"taxonomy":"product_tag","embeddable":true,"href":"https:\/\/jjscanada.ca\/fr\/wp-json\/wp\/v2\/product_tag?post=9527"}],"curies":[{"name":"wp","href":"https:\/\/api.w.org\/{rel}","templated":true}]}}