{"id":9533,"date":"2024-05-23T14:40:41","date_gmt":"2024-05-23T14:40:41","guid":{"rendered":"https:\/\/jjscanada.ca\/?post_type=product&#038;p=9533"},"modified":"2024-07-19T17:48:14","modified_gmt":"2024-07-19T17:48:14","slug":"slot-mortising-attachment-sg-400","status":"publish","type":"product","link":"https:\/\/jjscanada.ca\/fr\/produit\/slot-mortising-attachment-sg-400\/","title":{"rendered":"Embout de mortaisage \u00e0 fente Mafell SG 400"},"content":{"rendered":"<p><strong class=\"entry--label\">Num\u00e9ro de commande :<\/strong>\u00a0<span class=\"entry--content\">201000<\/span><\/p>\n<p><strong>Caract\u00e9ristiques du produit :<\/strong><\/p>\n<ul>\n<li>Des machines \u00e0 sous de taille parfaite ;<\/li>\n<li>Inclinaison de 45\u00b0.<\/li>\n<\/ul>\n<p><strong class=\"entry--label\">Sp\u00e9cification de livraison :<\/strong><\/p>\n<ul>\n<li>Pistolet \u00e0 graisse : 076158.<\/li>\n<\/ul>\n<p><strong>Donn\u00e9es techniques :<\/strong><\/p>\n<table>\n<tbody>\n<tr>\n<td>Profondeur de mortaisage Vertical<\/td>\n<td>11 - 7 \/ 8\u2033 15 - 3 \/ 4\u2033 \/ 300 -400 mm.<\/td>\n<\/tr>\n<tr>\n<td>Largeur de mortaisage en une seule coupe (avec jeu de 300 mm)<\/td>\n<td>1\/4\u2033 - 5 \/ 8\u2033 \/ 6 - 17 mm.<\/td>\n<\/tr>\n<tr>\n<td>Largeur de mortaisage en une seule coupe (avec jeu de 400 mm)<\/td>\n<td>3 \/ 8\u2033 - 5 \/ 8\u2033 \/ 10-17 mm.<\/td>\n<\/tr>\n<tr>\n<td>Longueur de mortaisage en une seule coupe<\/td>\n<td>1 - 7 \/ 8\u2033 \/ 50 mm.<\/td>\n<\/tr>\n<tr>\n<td>Poids<\/td>\n<td>24,8 Kg.<\/td>\n<\/tr>\n<\/tbody>\n<\/table>\n<p><strong>Applications :<\/strong><\/p>\n<ul>\n<li>Les mat\u00e9riaux compatibles comprennent le bois massif et les poutres stratifi\u00e9es.<\/li>\n<\/ul>\n<p><strong>Avantages :<\/strong><\/p>\n<ul>\n<li>Support de guidage robuste, sans torsion - Pour des fentes de taille parfaite ;<\/li>\n<li>Largeur de fente de 6 mm. (1\/4 In.) ou 10 - 17 mm. (3\/8 - 11\/16 In.) - Pour diverses applications.<\/li>\n<\/ul>","protected":false},"excerpt":{"rendered":"<ul>\n<li>Associ\u00e9 \u00e0 la mortaiseuse \u00e0 cha\u00eene LS 103 EC, le SG 400 est l'accessoire id\u00e9al, par exemple pour pr\u00e9parer de grandes pi\u00e8ces en lamell\u00e9-coll\u00e9 \u00e0 l'insertion de pi\u00e8ces d'assemblage.<\/li>\n<li>La profondeur de mortaisage impressionnante de 400 mm. (15 3\/4 In.) est assur\u00e9e par la coordination exacte de l'accessoire de rainurage avec la machine de base.<\/li>\n<li>Le guide-cha\u00eene sp\u00e9cial pr\u00e9cis et la but\u00e9e de profondeur de coupe garantissent le respect de la mesure du d\u00e9but \u00e0 la fin de la coupe.<\/li>\n<li>L'unit\u00e9 compl\u00e8te peut bien s\u00fbr \u00eatre inclin\u00e9e jusqu'\u00e0 45\u00b0.<\/li>\n<\/ul>","protected":false},"featured_media":9736,"template":"","meta":{"site-sidebar-layout":"default","site-content-layout":"","ast-site-content-layout":"normal-width-container","site-content-style":"boxed","site-sidebar-style":"default","ast-global-header-display":"","ast-banner-title-visibility":"","ast-main-header-display":"","ast-hfb-above-header-display":"","ast-hfb-below-header-display":"","ast-hfb-mobile-header-display":"","site-post-title":"","ast-breadcrumbs-content":"","ast-featured-img":"","footer-sml-layout":"","ast-disable-related-posts":"","theme-transparent-header-meta":"default","adv-header-id-meta":"","stick-header-meta":"","header-above-stick-meta":"","header-main-stick-meta":"","header-below-stick-meta":"","astra-migrate-meta-layouts":"set","ast-page-background-enabled":"default","ast-page-background-meta":{"desktop":{"background-color":"","background-image":"","background-repeat":"repeat","background-position":"center center","background-size":"auto","background-attachment":"scroll","background-type":"","background-media":"","overlay-type":"","overlay-color":"","overlay-opacity":"","overlay-gradient":""},"tablet":{"background-color":"","background-image":"","background-repeat":"repeat","background-position":"center center","background-size":"auto","background-attachment":"scroll","background-type":"","background-media":"","overlay-type":"","overlay-color":"","overlay-opacity":"","overlay-gradient":""},"mobile":{"background-color":"","background-image":"","background-repeat":"repeat","background-position":"center center","background-size":"auto","background-attachment":"scroll","background-type":"","background-media":"","overlay-type":"","overlay-color":"","overlay-opacity":"","overlay-gradient":""}},"ast-content-background-meta":{"desktop":{"background-color":"var(--ast-global-color-5)","background-image":"","background-repeat":"repeat","background-position":"center center","background-size":"auto","background-attachment":"scroll","background-type":"","background-media":"","overlay-type":"","overlay-color":"","overlay-opacity":"","overlay-gradient":""},"tablet":{"background-color":"var(--ast-global-color-5)","background-image":"","background-repeat":"repeat","background-position":"center center","background-size":"auto","background-attachment":"scroll","background-type":"","background-media":"","overlay-type":"","overlay-color":"","overlay-opacity":"","overlay-gradient":""},"mobile":{"background-color":"var(--ast-global-color-5)","background-image":"","background-repeat":"repeat","background-position":"center center","background-size":"auto","background-attachment":"scroll","background-type":"","background-media":"","overlay-type":"","overlay-color":"","overlay-opacity":"","overlay-gradient":""}}},"product_brand":[],"product_cat":[305,327,105,57],"product_tag":[],"class_list":{"0":"post-9533","1":"product","2":"type-product","3":"status-publish","4":"has-post-thumbnail","6":"product_cat-mafell","7":"product_cat-mortising","8":"product_cat-application-tools","9":"product_cat-woodworking","10":"desktop-align-center","11":"tablet-align-center","12":"mobile-align-center","14":"first","15":"instock","16":"shipping-taxable","17":"product-type-simple"},"_links":{"self":[{"href":"https:\/\/jjscanada.ca\/fr\/wp-json\/wp\/v2\/product\/9533","targetHints":{"allow":["GET"]}}],"collection":[{"href":"https:\/\/jjscanada.ca\/fr\/wp-json\/wp\/v2\/product"}],"about":[{"href":"https:\/\/jjscanada.ca\/fr\/wp-json\/wp\/v2\/types\/product"}],"wp:featuredmedia":[{"embeddable":true,"href":"https:\/\/jjscanada.ca\/fr\/wp-json\/wp\/v2\/media\/9736"}],"wp:attachment":[{"href":"https:\/\/jjscanada.ca\/fr\/wp-json\/wp\/v2\/media?parent=9533"}],"wp:term":[{"taxonomy":"product_brand","embeddable":true,"href":"https:\/\/jjscanada.ca\/fr\/wp-json\/wp\/v2\/product_brand?post=9533"},{"taxonomy":"product_cat","embeddable":true,"href":"https:\/\/jjscanada.ca\/fr\/wp-json\/wp\/v2\/product_cat?post=9533"},{"taxonomy":"product_tag","embeddable":true,"href":"https:\/\/jjscanada.ca\/fr\/wp-json\/wp\/v2\/product_tag?post=9533"}],"curies":[{"name":"wp","href":"https:\/\/api.w.org\/{rel}","templated":true}]}}