{"id":9535,"date":"2024-05-23T14:42:10","date_gmt":"2024-05-23T14:42:10","guid":{"rendered":"https:\/\/jjscanada.ca\/?post_type=product&#038;p=9535"},"modified":"2024-07-19T17:52:17","modified_gmt":"2024-07-19T17:52:17","slug":"slot-mortising-attachment-sg-500","status":"publish","type":"product","link":"https:\/\/jjscanada.ca\/fr\/produit\/slot-mortising-attachment-sg-500\/","title":{"rendered":"Embout de mortaisage \u00e0 fente Mafell SG 500"},"content":{"rendered":"<p><strong class=\"entry--label\">Num\u00e9ro de commande :<\/strong>\u00a0<span class=\"entry--content\">201005<\/span><\/p>\n<p><strong>Caract\u00e9ristiques du produit :<\/strong><\/p>\n<ul>\n<li>500 mm. (Profondeur de mortaisage ;<\/li>\n<li>Des machines \u00e0 sous de taille parfaite ;<\/li>\n<li>Inclinaison de 45\u00b0.<\/li>\n<\/ul>\n<p><strong class=\"entry--label\">Sp\u00e9cification de livraison :<\/strong><\/p>\n<ul>\n<li>Pi\u00e8ces de guidage 3, 5, 7 mm. (1\/8, 3\/16, 1\/4 In.) ;<\/li>\n<li>Dispositif de serrage : 039602 ;<\/li>\n<li>Pistolet \u00e0 graisse : 076158 ;<\/li>\n<li>500 mm. (Profondeur de mortaisage ;<\/li>\n<li>Plage d'inclinaison de 45 \u00b0.<\/li>\n<\/ul>\n<p><strong>Donn\u00e9es techniques :<\/strong><\/p>\n<table>\n<tbody>\n<tr>\n<td>Profondeur de mortaisage<\/td>\n<td>19 - 5 \/ 8\u2033\/ 500 mm.<\/td>\n<\/tr>\n<tr>\n<td>Largeur de mortaisage en une seule coupe<\/td>\n<td>3 \/ 8\u2033 - 5 \/ 8\u2033\/ 10 - 17 mm.<\/td>\n<\/tr>\n<tr>\n<td>Longueur de mortaisage en une seule coupe<\/td>\n<td>1 - 7 \/ 8\u2033 \/ 50 mm<\/td>\n<\/tr>\n<tr>\n<td>Poids<\/td>\n<td>31,4 Kg.<\/td>\n<\/tr>\n<\/tbody>\n<\/table>\n<p>&nbsp;<\/p>\n<p><strong>Applications :<\/strong><\/p>\n<ul>\n<li>Les mat\u00e9riaux compatibles sont le bois massif et les poutres stratifi\u00e9es.<\/li>\n<\/ul>\n<p><strong>Avantages :<\/strong><\/p>\n<ul>\n<li>Support de guidage robuste, sans torsion - Pour des fentes de taille parfaite ;<\/li>\n<li>Plage d'inclinaison 45 \u00b0 - Pour diverses applications ;<\/li>\n<li>Profondeur de mortaisage de 500 mm. (Profondeur de mortaisage de 500 mm - Pour les grandes coupes.<\/li>\n<\/ul>","protected":false},"excerpt":{"rendered":"<ul>\n<li>Ici, vous pouvez vraiment aller en profondeur ! Avec une profondeur de mortaisage de 500 mm. (19 11\/16 In.) et une largeur de mortaisage de 50 mm. (1 15\/16 In.) \u00e0 chaque coupe.<\/li>\n<li>L'angle du guide peut \u00eatre inclin\u00e9 jusqu'\u00e0 45 degr\u00e9s de chaque c\u00f4t\u00e9.<\/li>\n<li>Il est fourni avec 3 pi\u00e8ces de guidage (3, 5 et 7 mm. (1\/8, 3\/16 et 1\/4 In.) qui peuvent \u00eatre fix\u00e9es \u00e0 l'extr\u00e9mit\u00e9 avant du rail de guidage. Il est ainsi possible d'obtenir des fentes plus larges en effectuant une deuxi\u00e8me coupe. La pi\u00e8ce de guidage ins\u00e9r\u00e9e garantit que la cha\u00eene ne p\u00e9n\u00e8tre pas dans la premi\u00e8re coupe.<\/li>\n<\/ul>","protected":false},"featured_media":9737,"template":"","meta":{"site-sidebar-layout":"default","site-content-layout":"","ast-site-content-layout":"normal-width-container","site-content-style":"boxed","site-sidebar-style":"default","ast-global-header-display":"","ast-banner-title-visibility":"","ast-main-header-display":"","ast-hfb-above-header-display":"","ast-hfb-below-header-display":"","ast-hfb-mobile-header-display":"","site-post-title":"","ast-breadcrumbs-content":"","ast-featured-img":"","footer-sml-layout":"","ast-disable-related-posts":"","theme-transparent-header-meta":"default","adv-header-id-meta":"","stick-header-meta":"","header-above-stick-meta":"","header-main-stick-meta":"","header-below-stick-meta":"","astra-migrate-meta-layouts":"set","ast-page-background-enabled":"default","ast-page-background-meta":{"desktop":{"background-color":"","background-image":"","background-repeat":"repeat","background-position":"center center","background-size":"auto","background-attachment":"scroll","background-type":"","background-media":"","overlay-type":"","overlay-color":"","overlay-opacity":"","overlay-gradient":""},"tablet":{"background-color":"","background-image":"","background-repeat":"repeat","background-position":"center center","background-size":"auto","background-attachment":"scroll","background-type":"","background-media":"","overlay-type":"","overlay-color":"","overlay-opacity":"","overlay-gradient":""},"mobile":{"background-color":"","background-image":"","background-repeat":"repeat","background-position":"center center","background-size":"auto","background-attachment":"scroll","background-type":"","background-media":"","overlay-type":"","overlay-color":"","overlay-opacity":"","overlay-gradient":""}},"ast-content-background-meta":{"desktop":{"background-color":"var(--ast-global-color-5)","background-image":"","background-repeat":"repeat","background-position":"center center","background-size":"auto","background-attachment":"scroll","background-type":"","background-media":"","overlay-type":"","overlay-color":"","overlay-opacity":"","overlay-gradient":""},"tablet":{"background-color":"var(--ast-global-color-5)","background-image":"","background-repeat":"repeat","background-position":"center center","background-size":"auto","background-attachment":"scroll","background-type":"","background-media":"","overlay-type":"","overlay-color":"","overlay-opacity":"","overlay-gradient":""},"mobile":{"background-color":"var(--ast-global-color-5)","background-image":"","background-repeat":"repeat","background-position":"center center","background-size":"auto","background-attachment":"scroll","background-type":"","background-media":"","overlay-type":"","overlay-color":"","overlay-opacity":"","overlay-gradient":""}}},"product_brand":[],"product_cat":[305,327,105,57],"product_tag":[],"class_list":{"0":"post-9535","1":"product","2":"type-product","3":"status-publish","4":"has-post-thumbnail","6":"product_cat-mafell","7":"product_cat-mortising","8":"product_cat-application-tools","9":"product_cat-woodworking","10":"desktop-align-center","11":"tablet-align-center","12":"mobile-align-center","14":"first","15":"instock","16":"shipping-taxable","17":"product-type-simple"},"_links":{"self":[{"href":"https:\/\/jjscanada.ca\/fr\/wp-json\/wp\/v2\/product\/9535","targetHints":{"allow":["GET"]}}],"collection":[{"href":"https:\/\/jjscanada.ca\/fr\/wp-json\/wp\/v2\/product"}],"about":[{"href":"https:\/\/jjscanada.ca\/fr\/wp-json\/wp\/v2\/types\/product"}],"wp:featuredmedia":[{"embeddable":true,"href":"https:\/\/jjscanada.ca\/fr\/wp-json\/wp\/v2\/media\/9737"}],"wp:attachment":[{"href":"https:\/\/jjscanada.ca\/fr\/wp-json\/wp\/v2\/media?parent=9535"}],"wp:term":[{"taxonomy":"product_brand","embeddable":true,"href":"https:\/\/jjscanada.ca\/fr\/wp-json\/wp\/v2\/product_brand?post=9535"},{"taxonomy":"product_cat","embeddable":true,"href":"https:\/\/jjscanada.ca\/fr\/wp-json\/wp\/v2\/product_cat?post=9535"},{"taxonomy":"product_tag","embeddable":true,"href":"https:\/\/jjscanada.ca\/fr\/wp-json\/wp\/v2\/product_tag?post=9535"}],"curies":[{"name":"wp","href":"https:\/\/api.w.org\/{rel}","templated":true}]}}