{"id":9839,"date":"2024-06-10T17:46:52","date_gmt":"2024-06-10T17:46:52","guid":{"rendered":"https:\/\/jjscanada.ca\/?post_type=product&#038;p=9839"},"modified":"2024-09-04T19:04:01","modified_gmt":"2024-09-04T19:04:01","slug":"mafell-jig-saw-blade-w3-093702","status":"publish","type":"product","link":"https:\/\/jjscanada.ca\/fr\/produit\/mafell-jig-saw-blade-w3-093702\/","title":{"rendered":"Lame de scie sauteuse Mafell"},"content":{"rendered":"<p><strong>Lame de scie sauteuse Mafell W3 :<\/strong> 5 pi\u00e8ces<\/p>\n<p><strong class=\"entry--label\">Num\u00e9ro de commande :<\/strong>\u00a0<span class=\"entry--content\">093702<\/span><\/p>\n<p><strong>Donn\u00e9es techniques :<\/strong><\/p>\n<table>\n<tbody>\n<tr>\n<td>\u00c9paisseur du corps<\/td>\n<td>1,7 mm.<\/td>\n<\/tr>\n<tr>\n<td>Longueur de la lame de coupe<\/td>\n<td>125 mm.<\/td>\n<\/tr>\n<tr>\n<td>Pitch<\/td>\n<td>4 mm.<\/td>\n<\/tr>\n<tr>\n<td>\u00c9paisseur du mat\u00e9riau \u2264<\/td>\n<td>114 mm.<\/td>\n<\/tr>\n<tr>\n<td>Poids<\/td>\n<td>0,069 Kg.<\/td>\n<\/tr>\n<\/tbody>\n<\/table>","protected":false},"excerpt":{"rendered":"<p>Mafell Jig Saw Blade W3 : 5 Pieces Num\u00e9ro de commande : 093702 Caract\u00e9ristiques techniques : Epaisseur du corps 1,7 mm. Longueur de la lame de coupe 125 mm. Pas de 4 mm. \u00c9paisseur du mat\u00e9riau \u2264 114 mm. Poids 0,069 Kg.<\/p>","protected":false},"featured_media":10878,"template":"","meta":{"site-sidebar-layout":"default","site-content-layout":"","ast-site-content-layout":"normal-width-container","site-content-style":"boxed","site-sidebar-style":"default","ast-global-header-display":"","ast-banner-title-visibility":"","ast-main-header-display":"","ast-hfb-above-header-display":"","ast-hfb-below-header-display":"","ast-hfb-mobile-header-display":"","site-post-title":"","ast-breadcrumbs-content":"","ast-featured-img":"","footer-sml-layout":"","ast-disable-related-posts":"","theme-transparent-header-meta":"default","adv-header-id-meta":"","stick-header-meta":"","header-above-stick-meta":"","header-main-stick-meta":"","header-below-stick-meta":"","astra-migrate-meta-layouts":"set","ast-page-background-enabled":"default","ast-page-background-meta":{"desktop":{"background-color":"","background-image":"","background-repeat":"repeat","background-position":"center center","background-size":"auto","background-attachment":"scroll","background-type":"","background-media":"","overlay-type":"","overlay-color":"","overlay-opacity":"","overlay-gradient":""},"tablet":{"background-color":"","background-image":"","background-repeat":"repeat","background-position":"center center","background-size":"auto","background-attachment":"scroll","background-type":"","background-media":"","overlay-type":"","overlay-color":"","overlay-opacity":"","overlay-gradient":""},"mobile":{"background-color":"","background-image":"","background-repeat":"repeat","background-position":"center center","background-size":"auto","background-attachment":"scroll","background-type":"","background-media":"","overlay-type":"","overlay-color":"","overlay-opacity":"","overlay-gradient":""}},"ast-content-background-meta":{"desktop":{"background-color":"var(--ast-global-color-5)","background-image":"","background-repeat":"repeat","background-position":"center center","background-size":"auto","background-attachment":"scroll","background-type":"","background-media":"","overlay-type":"","overlay-color":"","overlay-opacity":"","overlay-gradient":""},"tablet":{"background-color":"var(--ast-global-color-5)","background-image":"","background-repeat":"repeat","background-position":"center center","background-size":"auto","background-attachment":"scroll","background-type":"","background-media":"","overlay-type":"","overlay-color":"","overlay-opacity":"","overlay-gradient":""},"mobile":{"background-color":"var(--ast-global-color-5)","background-image":"","background-repeat":"repeat","background-position":"center center","background-size":"auto","background-attachment":"scroll","background-type":"","background-media":"","overlay-type":"","overlay-color":"","overlay-opacity":"","overlay-gradient":""}}},"product_brand":[],"product_cat":[331,305,154],"product_tag":[],"class_list":{"0":"post-9839","1":"product","2":"type-product","3":"status-publish","4":"has-post-thumbnail","6":"product_cat-accessories","7":"product_cat-mafell","8":"product_cat-specialities-accessories","9":"desktop-align-center","10":"tablet-align-center","11":"mobile-align-center","13":"first","14":"instock","15":"shipping-taxable","16":"product-type-simple"},"_links":{"self":[{"href":"https:\/\/jjscanada.ca\/fr\/wp-json\/wp\/v2\/product\/9839","targetHints":{"allow":["GET"]}}],"collection":[{"href":"https:\/\/jjscanada.ca\/fr\/wp-json\/wp\/v2\/product"}],"about":[{"href":"https:\/\/jjscanada.ca\/fr\/wp-json\/wp\/v2\/types\/product"}],"wp:featuredmedia":[{"embeddable":true,"href":"https:\/\/jjscanada.ca\/fr\/wp-json\/wp\/v2\/media\/10878"}],"wp:attachment":[{"href":"https:\/\/jjscanada.ca\/fr\/wp-json\/wp\/v2\/media?parent=9839"}],"wp:term":[{"taxonomy":"product_brand","embeddable":true,"href":"https:\/\/jjscanada.ca\/fr\/wp-json\/wp\/v2\/product_brand?post=9839"},{"taxonomy":"product_cat","embeddable":true,"href":"https:\/\/jjscanada.ca\/fr\/wp-json\/wp\/v2\/product_cat?post=9839"},{"taxonomy":"product_tag","embeddable":true,"href":"https:\/\/jjscanada.ca\/fr\/wp-json\/wp\/v2\/product_tag?post=9839"}],"curies":[{"name":"wp","href":"https:\/\/api.w.org\/{rel}","templated":true}]}}